{"id":26110,"date":"2018-03-22T10:44:03","date_gmt":"2018-03-22T16:44:03","guid":{"rendered":"http:\/\/www.arxisdemexico.com.mx\/arxis\/?post_type=product&#038;p=26110"},"modified":"2018-09-12T15:31:41","modified_gmt":"2018-09-12T20:31:41","slug":"servidor-denwa-pro-60-llamadas-simultaneas-dw-pip","status":"publish","type":"product","link":"https:\/\/arxisdemexico.com.mx\/arxis\/producto\/servidor-denwa-pro-60-llamadas-simultaneas-dw-pip\/","title":{"rendered":"Servidor Denwa Pro 60 llamadas simultaneas DW-PIP"},"content":{"rendered":"<p><strong>Caracteristicas<\/strong><br \/>\n<span class=\"style19\">\u2022\u00a0<\/span>Procesador Interl Core i3.<br \/>\n<span class=\"style19\">\u2022\u00a0<\/span>OS Linux.<br \/>\n<span class=\"style19\">\u2022\u00a0<\/span>Memoria 8 GB DDR31333 ECC.<br \/>\n<span class=\"style19\">\u2022\u00a0<\/span>Almacenamiento 1 TB Serial ATA.<br \/>\n<span class=\"style19\">\u2022\u00a0<\/span>Red Dual Gigabit Ethernet.<br \/>\n<span class=\"style19\">\u2022\u00a0<\/span>Almacenamiento removible USB 2.0 frontal.<br \/>\n<span class=\"style19\">\u2022\u00a0<\/span>Capacidad de expansi\u00f3n 5 slots low profile, 1 PCIe x 16.3 PCIe x 8.1 PCI 32 bits.<br \/>\n<span class=\"style19\">\u2022\u00a0<\/span>Alimentaci\u00f3n 500W.<br \/>\n<span class=\"style19\">\u2022\u00a0<\/span>110V\/220V auto switching.<br \/>\n<span class=\"style19\">\u2022\u00a0<\/span>Dimensiones 428mm x 550mm x 89mm.<\/p>\n<p><strong>Un producto de f\u00e1cil instalaci\u00f3n y f\u00e1cil configuraci\u00f3n para un mercado emergente. Se recomienda para\u00a0instalaciones\u00a0de hasta 60 llamadas simult\u00e1neas.<\/strong><\/p>\n","protected":false},"excerpt":{"rendered":"<p>Caracteristicas \u2022\u00a0Procesador Interl Core i3. \u2022\u00a0OS Linux. \u2022\u00a0Memoria 8 GB DDR31333 ECC. \u2022\u00a0Almacenamiento 1 TB Serial ATA. \u2022\u00a0Red Dual Gigabit Ethernet. \u2022\u00a0Almacenamiento removible USB 2.0 frontal. \u2022\u00a0Capacidad de expansi\u00f3n 5 [&hellip;]<\/p>\n","protected":false},"featured_media":26111,"comment_status":"open","ping_status":"closed","template":"","meta":{"_et_pb_use_builder":"","_et_pb_old_content":"","_et_gb_content_width":""},"product_brand":[],"product_cat":[720],"product_tag":[504],"class_list":{"0":"post-26110","1":"product","2":"type-product","3":"status-publish","4":"has-post-thumbnail","6":"product_cat-computadores-y-servidores","7":"product_tag-denwa","9":"first","10":"instock","11":"taxable","12":"shipping-taxable","13":"product-type-simple"},"_links":{"self":[{"href":"https:\/\/arxisdemexico.com.mx\/arxis\/wp-json\/wp\/v2\/product\/26110","targetHints":{"allow":["GET"]}}],"collection":[{"href":"https:\/\/arxisdemexico.com.mx\/arxis\/wp-json\/wp\/v2\/product"}],"about":[{"href":"https:\/\/arxisdemexico.com.mx\/arxis\/wp-json\/wp\/v2\/types\/product"}],"replies":[{"embeddable":true,"href":"https:\/\/arxisdemexico.com.mx\/arxis\/wp-json\/wp\/v2\/comments?post=26110"}],"wp:featuredmedia":[{"embeddable":true,"href":"https:\/\/arxisdemexico.com.mx\/arxis\/wp-json\/wp\/v2\/media\/26111"}],"wp:attachment":[{"href":"https:\/\/arxisdemexico.com.mx\/arxis\/wp-json\/wp\/v2\/media?parent=26110"}],"wp:term":[{"taxonomy":"product_brand","embeddable":true,"href":"https:\/\/arxisdemexico.com.mx\/arxis\/wp-json\/wp\/v2\/product_brand?post=26110"},{"taxonomy":"product_cat","embeddable":true,"href":"https:\/\/arxisdemexico.com.mx\/arxis\/wp-json\/wp\/v2\/product_cat?post=26110"},{"taxonomy":"product_tag","embeddable":true,"href":"https:\/\/arxisdemexico.com.mx\/arxis\/wp-json\/wp\/v2\/product_tag?post=26110"}],"curies":[{"name":"wp","href":"https:\/\/api.w.org\/{rel}","templated":true}]}}