{"id":26104,"date":"2018-03-21T13:32:21","date_gmt":"2018-03-21T19:32:21","guid":{"rendered":"http:\/\/www.arxisdemexico.com.mx\/arxis\/?post_type=product&#038;p=26104"},"modified":"2018-09-21T13:40:25","modified_gmt":"2018-09-21T18:40:25","slug":"switch-hp-jl260a","status":"publish","type":"product","link":"https:\/\/arxisdemexico.com.mx\/arxis\/producto\/switch-hp-jl260a\/","title":{"rendered":"Switch HP JL260A"},"content":{"rendered":"<ul>\n<li>La serie de conmutadores 2930F de Aruba brinda rendimiento, seguridad y facilidad de uso para redes empresariales de borde, SMB y sucursales.<\/li>\n<li>Brinda una experiencia de usuario cableada \/ inal\u00e1mbrica consistente con herramientas de administraci\u00f3n unificadas como ClearPass Policy Manager y Airwave Network Management.<\/li>\n<li>Proporciona una configuraci\u00f3n \u00f3ptima de forma autom\u00e1tica cuando se conecta a los puntos de acceso de Aruba para prioridad PoE, configuraci\u00f3n de VLAN y contenci\u00f3n de AP deshonesto.<\/li>\n<li>Los convenientes enlaces ascendentes de 1GbE o 10GbE y los modelos PoE + brindan un rendimiento de acceso a la red de tama\u00f1o adecuado.<\/li>\n<\/ul>\n","protected":false},"excerpt":{"rendered":"<p>La serie de conmutadores 2930F de Aruba brinda rendimiento, seguridad y facilidad de uso para redes empresariales de borde, SMB y sucursales. Brinda una experiencia de usuario cableada \/ inal\u00e1mbrica [&hellip;]<\/p>\n","protected":false},"featured_media":26105,"comment_status":"open","ping_status":"closed","template":"","meta":{"_et_pb_use_builder":"","_et_pb_old_content":"","_et_gb_content_width":""},"product_brand":[],"product_cat":[745,760,761],"product_tag":[517],"class_list":{"0":"post-26104","1":"product","2":"type-product","3":"status-publish","4":"has-post-thumbnail","6":"product_cat-redes-2","7":"product_cat-switches-redes-2","8":"product_cat-switches-switches-redes-2","9":"product_tag-hp","11":"first","12":"instock","13":"taxable","14":"shipping-taxable","15":"product-type-simple"},"_links":{"self":[{"href":"https:\/\/arxisdemexico.com.mx\/arxis\/wp-json\/wp\/v2\/product\/26104","targetHints":{"allow":["GET"]}}],"collection":[{"href":"https:\/\/arxisdemexico.com.mx\/arxis\/wp-json\/wp\/v2\/product"}],"about":[{"href":"https:\/\/arxisdemexico.com.mx\/arxis\/wp-json\/wp\/v2\/types\/product"}],"replies":[{"embeddable":true,"href":"https:\/\/arxisdemexico.com.mx\/arxis\/wp-json\/wp\/v2\/comments?post=26104"}],"wp:featuredmedia":[{"embeddable":true,"href":"https:\/\/arxisdemexico.com.mx\/arxis\/wp-json\/wp\/v2\/media\/26105"}],"wp:attachment":[{"href":"https:\/\/arxisdemexico.com.mx\/arxis\/wp-json\/wp\/v2\/media?parent=26104"}],"wp:term":[{"taxonomy":"product_brand","embeddable":true,"href":"https:\/\/arxisdemexico.com.mx\/arxis\/wp-json\/wp\/v2\/product_brand?post=26104"},{"taxonomy":"product_cat","embeddable":true,"href":"https:\/\/arxisdemexico.com.mx\/arxis\/wp-json\/wp\/v2\/product_cat?post=26104"},{"taxonomy":"product_tag","embeddable":true,"href":"https:\/\/arxisdemexico.com.mx\/arxis\/wp-json\/wp\/v2\/product_tag?post=26104"}],"curies":[{"name":"wp","href":"https:\/\/api.w.org\/{rel}","templated":true}]}}