{"id":26100,"date":"2018-03-21T13:07:24","date_gmt":"2018-03-21T19:07:24","guid":{"rendered":"http:\/\/www.arxisdemexico.com.mx\/arxis\/?post_type=product&#038;p=26100"},"modified":"2018-09-19T11:39:26","modified_gmt":"2018-09-19T16:39:26","slug":"switch-hp-jl259a","status":"publish","type":"product","link":"https:\/\/arxisdemexico.com.mx\/arxis\/producto\/switch-hp-jl259a\/","title":{"rendered":"Switch HP JL259A"},"content":{"rendered":"<ul>\n<li>Interruptor Aruba 2930F 24G 4SFP.<\/li>\n<li>La serie de conmutadores Aruba 2930F est\u00e1 dise\u00f1ada para clientes que crean puestos de trabajo digitales que est\u00e1n optimizados para usuarios m\u00f3viles con un enfoque integrado por cable e inal\u00e1mbrico.<\/li>\n<li>Capacidad de conmutaci\u00f3n de 56 Gbit\/s<\/li>\n<li>Tabla de direcciones MAC de 32768 entradas<\/li>\n<\/ul>\n","protected":false},"excerpt":{"rendered":"<p>Interruptor Aruba 2930F 24G 4SFP. La serie de conmutadores Aruba 2930F est\u00e1 dise\u00f1ada para clientes que crean puestos de trabajo digitales que est\u00e1n optimizados para usuarios m\u00f3viles con un enfoque [&hellip;]<\/p>\n","protected":false},"featured_media":26103,"comment_status":"open","ping_status":"closed","template":"","meta":{"_et_pb_use_builder":"","_et_pb_old_content":"","_et_gb_content_width":""},"product_brand":[],"product_cat":[760,761],"product_tag":[517],"class_list":{"0":"post-26100","1":"product","2":"type-product","3":"status-publish","4":"has-post-thumbnail","6":"product_cat-switches-redes-2","7":"product_cat-switches-switches-redes-2","8":"product_tag-hp","10":"first","11":"instock","12":"taxable","13":"shipping-taxable","14":"product-type-simple"},"_links":{"self":[{"href":"https:\/\/arxisdemexico.com.mx\/arxis\/wp-json\/wp\/v2\/product\/26100","targetHints":{"allow":["GET"]}}],"collection":[{"href":"https:\/\/arxisdemexico.com.mx\/arxis\/wp-json\/wp\/v2\/product"}],"about":[{"href":"https:\/\/arxisdemexico.com.mx\/arxis\/wp-json\/wp\/v2\/types\/product"}],"replies":[{"embeddable":true,"href":"https:\/\/arxisdemexico.com.mx\/arxis\/wp-json\/wp\/v2\/comments?post=26100"}],"wp:featuredmedia":[{"embeddable":true,"href":"https:\/\/arxisdemexico.com.mx\/arxis\/wp-json\/wp\/v2\/media\/26103"}],"wp:attachment":[{"href":"https:\/\/arxisdemexico.com.mx\/arxis\/wp-json\/wp\/v2\/media?parent=26100"}],"wp:term":[{"taxonomy":"product_brand","embeddable":true,"href":"https:\/\/arxisdemexico.com.mx\/arxis\/wp-json\/wp\/v2\/product_brand?post=26100"},{"taxonomy":"product_cat","embeddable":true,"href":"https:\/\/arxisdemexico.com.mx\/arxis\/wp-json\/wp\/v2\/product_cat?post=26100"},{"taxonomy":"product_tag","embeddable":true,"href":"https:\/\/arxisdemexico.com.mx\/arxis\/wp-json\/wp\/v2\/product_tag?post=26100"}],"curies":[{"name":"wp","href":"https:\/\/api.w.org\/{rel}","templated":true}]}}