{"id":26080,"date":"2018-03-20T14:13:18","date_gmt":"2018-03-20T20:13:18","guid":{"rendered":"http:\/\/www.arxisdemexico.com.mx\/arxis\/?post_type=product&#038;p=26080"},"modified":"2018-09-19T11:40:10","modified_gmt":"2018-09-19T16:40:10","slug":"switch-hp-jh330a","status":"publish","type":"product","link":"https:\/\/arxisdemexico.com.mx\/arxis\/producto\/switch-hp-jh330a\/","title":{"rendered":"Switch HP JH330A"},"content":{"rendered":"<ul>\n<li>Tipo de dispositivo: Switch &#8211; 8 puertos &#8211; no administrado<\/li>\n<li>Tipo de gabinete: Escritorio |\u00a0Subtipo: Gigabit Ethernet |\u00a0Puertos: 8 x 10\/100\/1000 |\u00a0Power Over Ethernet (PoE): PoE + |\u00a0PoE Presupuesto: 64 W<\/li>\n<li>Rendimiento: capacidad de conmutaci\u00f3n: 16 Gbps | Rendimiento (tama\u00f1o de paquete de 64 bytes): 11,8 Mpps | Latencia (100 Mbps): 3 \u03bcs<\/li>\n<li>\u00a0Latencia (1000Base-T): 2,6 \u03bcs |\u00a0Tama\u00f1o de la tabla de direcciones MAC: 4096 entradas \u00a0Soporte de cuadro gigante: 9216 bytes<\/li>\n<li>Caracter\u00edsticas:<\/li>\n<li>Control de flujo, capacidad full d\u00faplex, autonegociaci\u00f3n, auto-uplink (MDI \/ MDI-X autom\u00e1tico), modo semid\u00faplex, calidad de servicio (QoS), sin ventilador, soporte de punto de c\u00f3digo DiffServ (DSCP), modo de ahorro de energ\u00eda<\/li>\n<li>\u00a0Cumplimiento de normas: IEEE 802.3, IEEE 802.3u, IEEE 802.3ab, IEEE 802.1p, IEEE 802.3x, IEEE 802.3at, IEEE 802.3az |\u00a0Memoria Flash: 1.5 MB Interfaces: 8 x 1000Base-T &#8211; RJ-45 |\u00a0Dispositivo de alimentaci\u00f3n: fuente de alimentaci\u00f3n interna |\u00a0Voltaje requerido: CA 120\/230 V (50\/60 Hz)<\/li>\n<\/ul>\n","protected":false},"excerpt":{"rendered":"<p>Tipo de dispositivo: Switch &#8211; 8 puertos &#8211; no administrado Tipo de gabinete: Escritorio |\u00a0Subtipo: Gigabit Ethernet |\u00a0Puertos: 8 x 10\/100\/1000 |\u00a0Power Over Ethernet (PoE): PoE + |\u00a0PoE Presupuesto: 64 [&hellip;]<\/p>\n","protected":false},"featured_media":26084,"comment_status":"open","ping_status":"closed","template":"","meta":{"_et_pb_use_builder":"","_et_pb_old_content":"","_et_gb_content_width":""},"product_brand":[],"product_cat":[760,761],"product_tag":[517],"class_list":{"0":"post-26080","1":"product","2":"type-product","3":"status-publish","4":"has-post-thumbnail","6":"product_cat-switches-redes-2","7":"product_cat-switches-switches-redes-2","8":"product_tag-hp","10":"first","11":"instock","12":"taxable","13":"shipping-taxable","14":"product-type-simple"},"_links":{"self":[{"href":"https:\/\/arxisdemexico.com.mx\/arxis\/wp-json\/wp\/v2\/product\/26080","targetHints":{"allow":["GET"]}}],"collection":[{"href":"https:\/\/arxisdemexico.com.mx\/arxis\/wp-json\/wp\/v2\/product"}],"about":[{"href":"https:\/\/arxisdemexico.com.mx\/arxis\/wp-json\/wp\/v2\/types\/product"}],"replies":[{"embeddable":true,"href":"https:\/\/arxisdemexico.com.mx\/arxis\/wp-json\/wp\/v2\/comments?post=26080"}],"wp:featuredmedia":[{"embeddable":true,"href":"https:\/\/arxisdemexico.com.mx\/arxis\/wp-json\/wp\/v2\/media\/26084"}],"wp:attachment":[{"href":"https:\/\/arxisdemexico.com.mx\/arxis\/wp-json\/wp\/v2\/media?parent=26080"}],"wp:term":[{"taxonomy":"product_brand","embeddable":true,"href":"https:\/\/arxisdemexico.com.mx\/arxis\/wp-json\/wp\/v2\/product_brand?post=26080"},{"taxonomy":"product_cat","embeddable":true,"href":"https:\/\/arxisdemexico.com.mx\/arxis\/wp-json\/wp\/v2\/product_cat?post=26080"},{"taxonomy":"product_tag","embeddable":true,"href":"https:\/\/arxisdemexico.com.mx\/arxis\/wp-json\/wp\/v2\/product_tag?post=26080"}],"curies":[{"name":"wp","href":"https:\/\/api.w.org\/{rel}","templated":true}]}}