{"id":26068,"date":"2018-03-20T12:39:48","date_gmt":"2018-03-20T18:39:48","guid":{"rendered":"http:\/\/www.arxisdemexico.com.mx\/arxis\/?post_type=product&#038;p=26068"},"modified":"2018-09-19T11:40:39","modified_gmt":"2018-09-19T16:40:39","slug":"switch-jh407a","status":"publish","type":"product","link":"https:\/\/arxisdemexico.com.mx\/arxis\/producto\/switch-jh407a\/","title":{"rendered":"Switch HP  JH407A"},"content":{"rendered":"<ul>\n<li>Control de flujo y calidad de servicio (QoS) para mejorar la eficiencia de las redes.<\/li>\n<li>La serie de conmutadores HPE OfficeConnect 1405 con Auto-MDIX se configura autom\u00e1ticamente para cables directos o cruzados en todos los puertos 10\/100 y 10\/100\/1000.<\/li>\n<li>La serie de conmutadores HPE OfficeConnect 1405 ofrece asignaci\u00f3n de prioridades IEEE 802.1p para distribuir datos a los dispositivos seg\u00fan la prioridad y el tipo de tr\u00e1fico.<\/li>\n<\/ul>\n","protected":false},"excerpt":{"rendered":"<p>Control de flujo y calidad de servicio (QoS) para mejorar la eficiencia de las redes. La serie de conmutadores HPE OfficeConnect 1405 con Auto-MDIX se configura autom\u00e1ticamente para cables directos [&hellip;]<\/p>\n","protected":false},"featured_media":26069,"comment_status":"open","ping_status":"closed","template":"","meta":{"_et_pb_use_builder":"","_et_pb_old_content":"","_et_gb_content_width":""},"product_brand":[],"product_cat":[760,761],"product_tag":[517],"class_list":{"0":"post-26068","1":"product","2":"type-product","3":"status-publish","4":"has-post-thumbnail","6":"product_cat-switches-redes-2","7":"product_cat-switches-switches-redes-2","8":"product_tag-hp","10":"first","11":"instock","12":"taxable","13":"shipping-taxable","14":"product-type-simple"},"_links":{"self":[{"href":"https:\/\/arxisdemexico.com.mx\/arxis\/wp-json\/wp\/v2\/product\/26068","targetHints":{"allow":["GET"]}}],"collection":[{"href":"https:\/\/arxisdemexico.com.mx\/arxis\/wp-json\/wp\/v2\/product"}],"about":[{"href":"https:\/\/arxisdemexico.com.mx\/arxis\/wp-json\/wp\/v2\/types\/product"}],"replies":[{"embeddable":true,"href":"https:\/\/arxisdemexico.com.mx\/arxis\/wp-json\/wp\/v2\/comments?post=26068"}],"wp:featuredmedia":[{"embeddable":true,"href":"https:\/\/arxisdemexico.com.mx\/arxis\/wp-json\/wp\/v2\/media\/26069"}],"wp:attachment":[{"href":"https:\/\/arxisdemexico.com.mx\/arxis\/wp-json\/wp\/v2\/media?parent=26068"}],"wp:term":[{"taxonomy":"product_brand","embeddable":true,"href":"https:\/\/arxisdemexico.com.mx\/arxis\/wp-json\/wp\/v2\/product_brand?post=26068"},{"taxonomy":"product_cat","embeddable":true,"href":"https:\/\/arxisdemexico.com.mx\/arxis\/wp-json\/wp\/v2\/product_cat?post=26068"},{"taxonomy":"product_tag","embeddable":true,"href":"https:\/\/arxisdemexico.com.mx\/arxis\/wp-json\/wp\/v2\/product_tag?post=26068"}],"curies":[{"name":"wp","href":"https:\/\/api.w.org\/{rel}","templated":true}]}}