{"id":26050,"date":"2018-03-17T12:33:59","date_gmt":"2018-03-17T18:33:59","guid":{"rendered":"http:\/\/www.arxisdemexico.com.mx\/arxis\/?post_type=product&#038;p=26050"},"modified":"2018-09-12T15:35:53","modified_gmt":"2018-09-12T20:35:53","slug":"servidor-de-telefonia-denwa-sohodw-soho-h-2o","status":"publish","type":"product","link":"https:\/\/arxisdemexico.com.mx\/arxis\/producto\/servidor-de-telefonia-denwa-sohodw-soho-h-2o\/","title":{"rendered":"Servidor de telefonia Denwa SohoDW-SOHO-H-2O"},"content":{"rendered":"<p>Denwa Soho es la primer generaci\u00f3n de productos lanzados por Denwa para la peque\u00f1a empresa y la primera con la capacidad de utilizar m\u00f3dulo GSM en este segmento. Es un sistema IP PBX inteligente de nueva generaci\u00f3n dise\u00f1ada y optimizada para las necesidades de los negocios y telecomunicaciones de hoy en d\u00eda. Es una soluci\u00f3n accesible y escalable, interpretable, fiable y segura que ofrece no solo las caracter\u00edsticas de PBX tradicionales sino tambi\u00e9n las caracter\u00edsticas avanzadas.<\/p>\n","protected":false},"excerpt":{"rendered":"<p>Denwa Soho es la primer generaci\u00f3n de productos lanzados por Denwa para la peque\u00f1a empresa y la primera con la capacidad de utilizar m\u00f3dulo GSM en este segmento. Es un [&hellip;]<\/p>\n","protected":false},"featured_media":26051,"comment_status":"open","ping_status":"closed","template":"","meta":{"_et_pb_use_builder":"","_et_pb_old_content":"","_et_gb_content_width":""},"product_brand":[],"product_cat":[720],"product_tag":[504],"class_list":{"0":"post-26050","1":"product","2":"type-product","3":"status-publish","4":"has-post-thumbnail","6":"product_cat-computadores-y-servidores","7":"product_tag-denwa","9":"first","10":"instock","11":"taxable","12":"shipping-taxable","13":"product-type-simple"},"_links":{"self":[{"href":"https:\/\/arxisdemexico.com.mx\/arxis\/wp-json\/wp\/v2\/product\/26050","targetHints":{"allow":["GET"]}}],"collection":[{"href":"https:\/\/arxisdemexico.com.mx\/arxis\/wp-json\/wp\/v2\/product"}],"about":[{"href":"https:\/\/arxisdemexico.com.mx\/arxis\/wp-json\/wp\/v2\/types\/product"}],"replies":[{"embeddable":true,"href":"https:\/\/arxisdemexico.com.mx\/arxis\/wp-json\/wp\/v2\/comments?post=26050"}],"wp:featuredmedia":[{"embeddable":true,"href":"https:\/\/arxisdemexico.com.mx\/arxis\/wp-json\/wp\/v2\/media\/26051"}],"wp:attachment":[{"href":"https:\/\/arxisdemexico.com.mx\/arxis\/wp-json\/wp\/v2\/media?parent=26050"}],"wp:term":[{"taxonomy":"product_brand","embeddable":true,"href":"https:\/\/arxisdemexico.com.mx\/arxis\/wp-json\/wp\/v2\/product_brand?post=26050"},{"taxonomy":"product_cat","embeddable":true,"href":"https:\/\/arxisdemexico.com.mx\/arxis\/wp-json\/wp\/v2\/product_cat?post=26050"},{"taxonomy":"product_tag","embeddable":true,"href":"https:\/\/arxisdemexico.com.mx\/arxis\/wp-json\/wp\/v2\/product_tag?post=26050"}],"curies":[{"name":"wp","href":"https:\/\/api.w.org\/{rel}","templated":true}]}}