{"id":26048,"date":"2018-03-17T12:30:58","date_gmt":"2018-03-17T18:30:58","guid":{"rendered":"http:\/\/www.arxisdemexico.com.mx\/arxis\/?post_type=product&#038;p=26048"},"modified":"2018-09-19T11:42:51","modified_gmt":"2018-09-19T16:42:51","slug":"tarjeta-con-2-modulos-fxs-dw-soho-m-2s","status":"publish","type":"product","link":"https:\/\/arxisdemexico.com.mx\/arxis\/producto\/tarjeta-con-2-modulos-fxs-dw-soho-m-2s\/","title":{"rendered":"Tarjeta con 2 modulos FXS DW-SOHO-M-2S"},"content":{"rendered":"<p>El puerto FXS (Foreign Exchange Station) es una interfaz que se conecta a una estaci\u00f3n, como un tel\u00e9fono anal\u00f3gico\u00a0o la interfaz FXO de otro\u00a0PBX.<\/p>\n<p>Proporciona voltaje de llamada y bater\u00eda a los dispositivos FXO.<br \/>\nDW-SOHO-M-2S se usan en el interior de su SOHO, no se conectan directamente a la PSTN. Un FXS<br \/>\nSe requiere un canal para cada tel\u00e9fono que desee conectar a otras extensiones o realizar llamadas salientes.<\/p>\n","protected":false},"excerpt":{"rendered":"<p>El puerto FXS (Foreign Exchange Station) es una interfaz que se conecta a una estaci\u00f3n, como un tel\u00e9fono anal\u00f3gico\u00a0o la interfaz FXO de otro\u00a0PBX. Proporciona voltaje de llamada y bater\u00eda [&hellip;]<\/p>\n","protected":false},"featured_media":26049,"comment_status":"open","ping_status":"closed","template":"","meta":{"_et_pb_use_builder":"","_et_pb_old_content":"","_et_gb_content_width":""},"product_brand":[],"product_cat":[767,768,770],"product_tag":[504],"class_list":{"0":"post-26048","1":"product","2":"type-product","3":"status-publish","4":"has-post-thumbnail","6":"product_cat-telefonia","7":"product_cat-accesorios-telefonia","8":"product_cat-conmutadores-pbx","9":"product_tag-denwa","11":"first","12":"instock","13":"taxable","14":"shipping-taxable","15":"product-type-simple"},"_links":{"self":[{"href":"https:\/\/arxisdemexico.com.mx\/arxis\/wp-json\/wp\/v2\/product\/26048","targetHints":{"allow":["GET"]}}],"collection":[{"href":"https:\/\/arxisdemexico.com.mx\/arxis\/wp-json\/wp\/v2\/product"}],"about":[{"href":"https:\/\/arxisdemexico.com.mx\/arxis\/wp-json\/wp\/v2\/types\/product"}],"replies":[{"embeddable":true,"href":"https:\/\/arxisdemexico.com.mx\/arxis\/wp-json\/wp\/v2\/comments?post=26048"}],"wp:featuredmedia":[{"embeddable":true,"href":"https:\/\/arxisdemexico.com.mx\/arxis\/wp-json\/wp\/v2\/media\/26049"}],"wp:attachment":[{"href":"https:\/\/arxisdemexico.com.mx\/arxis\/wp-json\/wp\/v2\/media?parent=26048"}],"wp:term":[{"taxonomy":"product_brand","embeddable":true,"href":"https:\/\/arxisdemexico.com.mx\/arxis\/wp-json\/wp\/v2\/product_brand?post=26048"},{"taxonomy":"product_cat","embeddable":true,"href":"https:\/\/arxisdemexico.com.mx\/arxis\/wp-json\/wp\/v2\/product_cat?post=26048"},{"taxonomy":"product_tag","embeddable":true,"href":"https:\/\/arxisdemexico.com.mx\/arxis\/wp-json\/wp\/v2\/product_tag?post=26048"}],"curies":[{"name":"wp","href":"https:\/\/api.w.org\/{rel}","templated":true}]}}