{"id":26041,"date":"2018-03-17T10:53:06","date_gmt":"2018-03-17T16:53:06","guid":{"rendered":"http:\/\/www.arxisdemexico.com.mx\/arxis\/?post_type=product&#038;p=26041"},"modified":"2018-10-23T18:26:50","modified_gmt":"2018-10-23T23:26:50","slug":"portero-ip-dw-v-axt-android","status":"publish","type":"product","link":"https:\/\/arxisdemexico.com.mx\/arxis\/producto\/portero-ip-dw-v-axt-android\/","title":{"rendered":"Portero IP DW-V-AXT-ANDROID"},"content":{"rendered":"<p>DENWA DW-V-AXT-ANDROID. Diagonal de la pantalla: 17,8 cm (7&#8243;). Color del producto: Negro, Met\u00e1lico, Material de la carcasa: Aluminio, Tipo de control: Sensor. Protocolos de red compatibles: TFTP\/FTP\/HTTP\/HTTPS. Megapixeles: 5 MP, Velocidad m\u00e1xima de cuadro: 30 pps, Iluminaci\u00f3n m\u00ednima: 1 lx. Ancho: 130 mm, Profundidad: 23 mm, Altura: 317 mm. Contra agua y polvo. Microfono y speaker integrado, vision 90 grados de apertura.<\/p>\n<p>&nbsp;<\/p>\n<p>&nbsp;<\/p>\n","protected":false},"excerpt":{"rendered":"<p>DENWA DW-V-AXT-ANDROID. Diagonal de la pantalla: 17,8 cm (7&#8243;). Color del producto: Negro, Met\u00e1lico, Material de la carcasa: Aluminio, Tipo de control: Sensor. Protocolos de red compatibles: TFTP\/FTP\/HTTP\/HTTPS. Megapixeles: 5 [&hellip;]<\/p>\n","protected":false},"featured_media":26042,"comment_status":"open","ping_status":"closed","template":"","meta":{"_et_pb_use_builder":"","_et_pb_old_content":"","_et_gb_content_width":""},"product_brand":[],"product_cat":[593,594,604],"product_tag":[504],"class_list":{"0":"post-26041","1":"product","2":"type-product","3":"status-publish","4":"has-post-thumbnail","6":"product_cat-acceso-y-asistencia","7":"product_cat-videoporteros","8":"product_cat-videoporteros-videoporteros","9":"product_tag-denwa","11":"first","12":"instock","13":"taxable","14":"shipping-taxable","15":"product-type-simple"},"_links":{"self":[{"href":"https:\/\/arxisdemexico.com.mx\/arxis\/wp-json\/wp\/v2\/product\/26041","targetHints":{"allow":["GET"]}}],"collection":[{"href":"https:\/\/arxisdemexico.com.mx\/arxis\/wp-json\/wp\/v2\/product"}],"about":[{"href":"https:\/\/arxisdemexico.com.mx\/arxis\/wp-json\/wp\/v2\/types\/product"}],"replies":[{"embeddable":true,"href":"https:\/\/arxisdemexico.com.mx\/arxis\/wp-json\/wp\/v2\/comments?post=26041"}],"wp:featuredmedia":[{"embeddable":true,"href":"https:\/\/arxisdemexico.com.mx\/arxis\/wp-json\/wp\/v2\/media\/26042"}],"wp:attachment":[{"href":"https:\/\/arxisdemexico.com.mx\/arxis\/wp-json\/wp\/v2\/media?parent=26041"}],"wp:term":[{"taxonomy":"product_brand","embeddable":true,"href":"https:\/\/arxisdemexico.com.mx\/arxis\/wp-json\/wp\/v2\/product_brand?post=26041"},{"taxonomy":"product_cat","embeddable":true,"href":"https:\/\/arxisdemexico.com.mx\/arxis\/wp-json\/wp\/v2\/product_cat?post=26041"},{"taxonomy":"product_tag","embeddable":true,"href":"https:\/\/arxisdemexico.com.mx\/arxis\/wp-json\/wp\/v2\/product_tag?post=26041"}],"curies":[{"name":"wp","href":"https:\/\/api.w.org\/{rel}","templated":true}]}}