{"id":26037,"date":"2018-03-17T10:35:35","date_gmt":"2018-03-17T16:35:35","guid":{"rendered":"http:\/\/www.arxisdemexico.com.mx\/arxis\/?post_type=product&#038;p=26037"},"modified":"2018-09-19T11:47:41","modified_gmt":"2018-09-19T16:47:41","slug":"telefono-dect-tradicional-dw-x400","status":"publish","type":"product","link":"https:\/\/arxisdemexico.com.mx\/arxis\/producto\/telefono-dect-tradicional-dw-x400\/","title":{"rendered":"Tel\u00e9fono DECT Tradicional DW-X400"},"content":{"rendered":"<p>Tel\u00e9fono DECT Tradicional<br \/>\n-CAT-iq Audio de banda Extendida<br \/>\n-Sincronizaci\u00f3n inal\u00e1mbrica<br \/>\n-facilidad de Roaming<br \/>\n\u2013 Rintones Polif\u00f3nicos<br \/>\n-Directorio para 100 usuarios.<br \/>\n-Conector 3.5<br \/>\n\u2013 Vibrador<br \/>\n-Speaker<\/p>\n<p>&nbsp;<\/p>\n","protected":false},"excerpt":{"rendered":"<p>Tel\u00e9fono DECT Tradicional -CAT-iq Audio de banda Extendida -Sincronizaci\u00f3n inal\u00e1mbrica -facilidad de Roaming \u2013 Rintones Polif\u00f3nicos -Directorio para 100 usuarios. -Conector 3.5 \u2013 Vibrador -Speaker &nbsp;<\/p>\n","protected":false},"featured_media":26038,"comment_status":"open","ping_status":"closed","template":"","meta":{"_et_pb_use_builder":"","_et_pb_old_content":"","_et_gb_content_width":""},"product_brand":[],"product_cat":[767,771],"product_tag":[504],"class_list":{"0":"post-26037","1":"product","2":"type-product","3":"status-publish","4":"has-post-thumbnail","6":"product_cat-telefonia","7":"product_cat-telefonos-ip","8":"product_tag-denwa","10":"first","11":"instock","12":"taxable","13":"shipping-taxable","14":"product-type-simple"},"_links":{"self":[{"href":"https:\/\/arxisdemexico.com.mx\/arxis\/wp-json\/wp\/v2\/product\/26037","targetHints":{"allow":["GET"]}}],"collection":[{"href":"https:\/\/arxisdemexico.com.mx\/arxis\/wp-json\/wp\/v2\/product"}],"about":[{"href":"https:\/\/arxisdemexico.com.mx\/arxis\/wp-json\/wp\/v2\/types\/product"}],"replies":[{"embeddable":true,"href":"https:\/\/arxisdemexico.com.mx\/arxis\/wp-json\/wp\/v2\/comments?post=26037"}],"wp:featuredmedia":[{"embeddable":true,"href":"https:\/\/arxisdemexico.com.mx\/arxis\/wp-json\/wp\/v2\/media\/26038"}],"wp:attachment":[{"href":"https:\/\/arxisdemexico.com.mx\/arxis\/wp-json\/wp\/v2\/media?parent=26037"}],"wp:term":[{"taxonomy":"product_brand","embeddable":true,"href":"https:\/\/arxisdemexico.com.mx\/arxis\/wp-json\/wp\/v2\/product_brand?post=26037"},{"taxonomy":"product_cat","embeddable":true,"href":"https:\/\/arxisdemexico.com.mx\/arxis\/wp-json\/wp\/v2\/product_cat?post=26037"},{"taxonomy":"product_tag","embeddable":true,"href":"https:\/\/arxisdemexico.com.mx\/arxis\/wp-json\/wp\/v2\/product_tag?post=26037"}],"curies":[{"name":"wp","href":"https:\/\/api.w.org\/{rel}","templated":true}]}}