{"id":25937,"date":"2018-03-12T14:12:06","date_gmt":"2018-03-12T20:12:06","guid":{"rendered":"http:\/\/www.arxisdemexico.com.mx\/arxis\/?post_type=product&#038;p=25937"},"modified":"2018-09-19T11:51:38","modified_gmt":"2018-09-19T16:51:38","slug":"access-point-ews870ap","status":"publish","type":"product","link":"https:\/\/arxisdemexico.com.mx\/arxis\/producto\/access-point-ews870ap\/","title":{"rendered":"Access Point EWS870AP"},"content":{"rendered":"<ul>\n<li>CARACTER\u00cdSTICAS<\/li>\n<li><strong>Access Point Gestionado outdoor\u00a0 Dual Band AC2600\u00a0<\/strong><\/li>\n<li>Onda 11ac 2 Velocidad hasta 2.5 Gbps<\/li>\n<li>Protecci\u00f3n IP67 de grado industrial resistente a condiciones ambientales agresivas<\/li>\n<li>8 Antenas Omnidireccionales amovibles RP-SMA para las dos bandas<\/li>\n<li>Dual-Radio MU-MIMO Mejora el rendimiento y expande las capacidades<\/li>\n<li>El Beamforming optimiza la transmisi\u00f3n, la recepci\u00f3n y la fiabilidad de la se\u00f1al para los clientes<\/li>\n<li>2 Puertos PoE GigE 802.3at con una segunda alimentaci\u00f3n PoE Pass-Through para C\u00e1maras o APs<\/li>\n<\/ul>\n<p>&nbsp;<\/p>\n","protected":false},"excerpt":{"rendered":"<p>CARACTER\u00cdSTICAS Access Point Gestionado outdoor\u00a0 Dual Band AC2600\u00a0 Onda 11ac 2 Velocidad hasta 2.5 Gbps Protecci\u00f3n IP67 de grado industrial resistente a condiciones ambientales agresivas 8 Antenas Omnidireccionales amovibles RP-SMA [&hellip;]<\/p>\n","protected":false},"featured_media":25938,"comment_status":"open","ping_status":"closed","template":"","meta":{"_et_pb_use_builder":"","_et_pb_old_content":"","_et_gb_content_width":""},"product_brand":[],"product_cat":[752,755,756],"product_tag":[501],"class_list":{"0":"post-25937","1":"product","2":"type-product","3":"status-publish","4":"has-post-thumbnail","6":"product_cat-access-points","7":"product_cat-ruteadores-y-aps","8":"product_cat-access-points-ruteadores-y-aps","9":"product_tag-engenius","11":"first","12":"instock","13":"taxable","14":"shipping-taxable","15":"product-type-simple"},"_links":{"self":[{"href":"https:\/\/arxisdemexico.com.mx\/arxis\/wp-json\/wp\/v2\/product\/25937","targetHints":{"allow":["GET"]}}],"collection":[{"href":"https:\/\/arxisdemexico.com.mx\/arxis\/wp-json\/wp\/v2\/product"}],"about":[{"href":"https:\/\/arxisdemexico.com.mx\/arxis\/wp-json\/wp\/v2\/types\/product"}],"replies":[{"embeddable":true,"href":"https:\/\/arxisdemexico.com.mx\/arxis\/wp-json\/wp\/v2\/comments?post=25937"}],"wp:featuredmedia":[{"embeddable":true,"href":"https:\/\/arxisdemexico.com.mx\/arxis\/wp-json\/wp\/v2\/media\/25938"}],"wp:attachment":[{"href":"https:\/\/arxisdemexico.com.mx\/arxis\/wp-json\/wp\/v2\/media?parent=25937"}],"wp:term":[{"taxonomy":"product_brand","embeddable":true,"href":"https:\/\/arxisdemexico.com.mx\/arxis\/wp-json\/wp\/v2\/product_brand?post=25937"},{"taxonomy":"product_cat","embeddable":true,"href":"https:\/\/arxisdemexico.com.mx\/arxis\/wp-json\/wp\/v2\/product_cat?post=25937"},{"taxonomy":"product_tag","embeddable":true,"href":"https:\/\/arxisdemexico.com.mx\/arxis\/wp-json\/wp\/v2\/product_tag?post=25937"}],"curies":[{"name":"wp","href":"https:\/\/api.w.org\/{rel}","templated":true}]}}