{"id":25869,"date":"2018-03-12T11:54:35","date_gmt":"2018-03-12T17:54:35","guid":{"rendered":"http:\/\/www.arxisdemexico.com.mx\/arxis\/?post_type=product&#038;p=25869"},"modified":"2018-09-19T11:54:40","modified_gmt":"2018-09-19T16:54:40","slug":"telefono-inalambrico-con-id-de-llamadas-kx-tgc210meb","status":"publish","type":"product","link":"https:\/\/arxisdemexico.com.mx\/arxis\/producto\/telefono-inalambrico-con-id-de-llamadas-kx-tgc210meb\/","title":{"rendered":"Telefono inalambrico con id de llamadas KX-TGC210MEB"},"content":{"rendered":"<p>TEL\u00c9FONO INALAMBRICO CON IDENTIFICADOR DE LLAMADAS, MODO ECO, DIRECTORIO TELEF\u00d3NICO, BOT\u00d3N PARA INTERCOMUNICADOR, ALTAVOZ CON MICR\u00d3FONO.<\/p>\n","protected":false},"excerpt":{"rendered":"<p>TEL\u00c9FONO INALAMBRICO CON IDENTIFICADOR DE LLAMADAS, MODO ECO, DIRECTORIO TELEF\u00d3NICO, BOT\u00d3N PARA INTERCOMUNICADOR, ALTAVOZ CON MICR\u00d3FONO.<\/p>\n","protected":false},"featured_media":25871,"comment_status":"open","ping_status":"closed","template":"","meta":{"_et_pb_use_builder":"","_et_pb_old_content":"","_et_gb_content_width":""},"product_brand":[],"product_cat":[767,770],"product_tag":[490],"class_list":{"0":"post-25869","1":"product","2":"type-product","3":"status-publish","4":"has-post-thumbnail","6":"product_cat-telefonia","7":"product_cat-conmutadores-pbx","8":"product_tag-panasonic","10":"first","11":"instock","12":"taxable","13":"shipping-taxable","14":"product-type-simple"},"_links":{"self":[{"href":"https:\/\/arxisdemexico.com.mx\/arxis\/wp-json\/wp\/v2\/product\/25869","targetHints":{"allow":["GET"]}}],"collection":[{"href":"https:\/\/arxisdemexico.com.mx\/arxis\/wp-json\/wp\/v2\/product"}],"about":[{"href":"https:\/\/arxisdemexico.com.mx\/arxis\/wp-json\/wp\/v2\/types\/product"}],"replies":[{"embeddable":true,"href":"https:\/\/arxisdemexico.com.mx\/arxis\/wp-json\/wp\/v2\/comments?post=25869"}],"wp:featuredmedia":[{"embeddable":true,"href":"https:\/\/arxisdemexico.com.mx\/arxis\/wp-json\/wp\/v2\/media\/25871"}],"wp:attachment":[{"href":"https:\/\/arxisdemexico.com.mx\/arxis\/wp-json\/wp\/v2\/media?parent=25869"}],"wp:term":[{"taxonomy":"product_brand","embeddable":true,"href":"https:\/\/arxisdemexico.com.mx\/arxis\/wp-json\/wp\/v2\/product_brand?post=25869"},{"taxonomy":"product_cat","embeddable":true,"href":"https:\/\/arxisdemexico.com.mx\/arxis\/wp-json\/wp\/v2\/product_cat?post=25869"},{"taxonomy":"product_tag","embeddable":true,"href":"https:\/\/arxisdemexico.com.mx\/arxis\/wp-json\/wp\/v2\/product_tag?post=25869"}],"curies":[{"name":"wp","href":"https:\/\/api.w.org\/{rel}","templated":true}]}}