{"id":25726,"date":"2018-03-08T17:23:45","date_gmt":"2018-03-08T23:23:45","guid":{"rendered":"http:\/\/www.arxisdemexico.com.mx\/arxis\/?post_type=product&#038;p=25726"},"modified":"2018-09-19T11:56:48","modified_gmt":"2018-09-19T16:56:48","slug":"inalambrico-dect-base-extension-lcd-en-blanco-kx-tg6822meb","status":"publish","type":"product","link":"https:\/\/arxisdemexico.com.mx\/arxis\/producto\/inalambrico-dect-base-extension-lcd-en-blanco-kx-tg6822meb\/","title":{"rendered":"Tel\u00e9fono Inal\u00e1mbrico DECT  Base + Extension, LCD en blanco KX-TG6822MEB"},"content":{"rendered":"<p>Inal\u00e1mbrico DECT\u00a0 Base + Extension, LCD en blanco, contestadora digital, tecla de funci\u00f3n inteligente, caller ID, respaldo de alimentaci\u00f3n cuando falla electricidad, modo Eco y nocturno, bloqueo de llamadas<\/p>\n","protected":false},"excerpt":{"rendered":"<p>Inal\u00e1mbrico DECT\u00a0 Base + Extension, LCD en blanco, contestadora digital, tecla de funci\u00f3n inteligente, caller ID, respaldo de alimentaci\u00f3n cuando falla electricidad, modo Eco y nocturno, bloqueo de llamadas<\/p>\n","protected":false},"featured_media":25731,"comment_status":"open","ping_status":"closed","template":"","meta":{"_et_pb_use_builder":"","_et_pb_old_content":"","_et_gb_content_width":""},"product_brand":[],"product_cat":[767],"product_tag":[490],"class_list":{"0":"post-25726","1":"product","2":"type-product","3":"status-publish","4":"has-post-thumbnail","6":"product_cat-telefonia","7":"product_tag-panasonic","9":"first","10":"instock","11":"taxable","12":"shipping-taxable","13":"product-type-simple"},"_links":{"self":[{"href":"https:\/\/arxisdemexico.com.mx\/arxis\/wp-json\/wp\/v2\/product\/25726","targetHints":{"allow":["GET"]}}],"collection":[{"href":"https:\/\/arxisdemexico.com.mx\/arxis\/wp-json\/wp\/v2\/product"}],"about":[{"href":"https:\/\/arxisdemexico.com.mx\/arxis\/wp-json\/wp\/v2\/types\/product"}],"replies":[{"embeddable":true,"href":"https:\/\/arxisdemexico.com.mx\/arxis\/wp-json\/wp\/v2\/comments?post=25726"}],"wp:featuredmedia":[{"embeddable":true,"href":"https:\/\/arxisdemexico.com.mx\/arxis\/wp-json\/wp\/v2\/media\/25731"}],"wp:attachment":[{"href":"https:\/\/arxisdemexico.com.mx\/arxis\/wp-json\/wp\/v2\/media?parent=25726"}],"wp:term":[{"taxonomy":"product_brand","embeddable":true,"href":"https:\/\/arxisdemexico.com.mx\/arxis\/wp-json\/wp\/v2\/product_brand?post=25726"},{"taxonomy":"product_cat","embeddable":true,"href":"https:\/\/arxisdemexico.com.mx\/arxis\/wp-json\/wp\/v2\/product_cat?post=25726"},{"taxonomy":"product_tag","embeddable":true,"href":"https:\/\/arxisdemexico.com.mx\/arxis\/wp-json\/wp\/v2\/product_tag?post=25726"}],"curies":[{"name":"wp","href":"https:\/\/api.w.org\/{rel}","templated":true}]}}