{"id":25682,"date":"2018-03-08T14:31:24","date_gmt":"2018-03-08T20:31:24","guid":{"rendered":"http:\/\/www.arxisdemexico.com.mx\/arxis\/?post_type=product&#038;p=25682"},"modified":"2018-09-19T12:00:17","modified_gmt":"2018-09-19T17:00:17","slug":"crimpadora-todo-en-uno","status":"publish","type":"product","link":"https:\/\/arxisdemexico.com.mx\/arxis\/producto\/crimpadora-todo-en-uno\/","title":{"rendered":"CRIMPADORA TODO EN UNO"},"content":{"rendered":"<p>Corta y pela cables redondos o planos, construcci\u00f3n \u00edntegramente met\u00e1lica, para conectores RJ45 est\u00e1ndar y de extracci\u00f3n r\u00e1pida, adem\u00e1s de RJ11\/ RJ22. La herramienta multifunci\u00f3n para cables redondos de voz\/datos corta, pela y crimpa de manera f\u00e1cil y r\u00e1pida. La pesta\u00f1a de bloqueo mantiene la herramienta en una posici\u00f3n cerrada cuando no est\u00e1 en uso. C\u00e1mara de pelado de cable redondo para cables CAT5e\/6.<\/p>\n","protected":false},"excerpt":{"rendered":"<p>Corta y pela cables redondos o planos, construcci\u00f3n \u00edntegramente met\u00e1lica, para conectores RJ45 est\u00e1ndar y de extracci\u00f3n r\u00e1pida, adem\u00e1s de RJ11\/ RJ22. La herramienta multifunci\u00f3n para cables redondos de voz\/datos [&hellip;]<\/p>\n","protected":false},"featured_media":25683,"comment_status":"open","ping_status":"closed","template":"","meta":{"_et_pb_use_builder":"","_et_pb_old_content":"","_et_gb_content_width":""},"product_brand":[],"product_cat":[724,726],"product_tag":[515],"class_list":{"0":"post-25682","1":"product","2":"type-product","3":"status-publish","4":"has-post-thumbnail","6":"product_cat-herramienta","7":"product_cat-redes-herramienta","8":"product_tag-optronics","10":"first","11":"instock","12":"taxable","13":"shipping-taxable","14":"product-type-simple"},"_links":{"self":[{"href":"https:\/\/arxisdemexico.com.mx\/arxis\/wp-json\/wp\/v2\/product\/25682","targetHints":{"allow":["GET"]}}],"collection":[{"href":"https:\/\/arxisdemexico.com.mx\/arxis\/wp-json\/wp\/v2\/product"}],"about":[{"href":"https:\/\/arxisdemexico.com.mx\/arxis\/wp-json\/wp\/v2\/types\/product"}],"replies":[{"embeddable":true,"href":"https:\/\/arxisdemexico.com.mx\/arxis\/wp-json\/wp\/v2\/comments?post=25682"}],"wp:featuredmedia":[{"embeddable":true,"href":"https:\/\/arxisdemexico.com.mx\/arxis\/wp-json\/wp\/v2\/media\/25683"}],"wp:attachment":[{"href":"https:\/\/arxisdemexico.com.mx\/arxis\/wp-json\/wp\/v2\/media?parent=25682"}],"wp:term":[{"taxonomy":"product_brand","embeddable":true,"href":"https:\/\/arxisdemexico.com.mx\/arxis\/wp-json\/wp\/v2\/product_brand?post=25682"},{"taxonomy":"product_cat","embeddable":true,"href":"https:\/\/arxisdemexico.com.mx\/arxis\/wp-json\/wp\/v2\/product_cat?post=25682"},{"taxonomy":"product_tag","embeddable":true,"href":"https:\/\/arxisdemexico.com.mx\/arxis\/wp-json\/wp\/v2\/product_tag?post=25682"}],"curies":[{"name":"wp","href":"https:\/\/api.w.org\/{rel}","templated":true}]}}