{"id":25659,"date":"2018-03-08T14:08:46","date_gmt":"2018-03-08T20:08:46","guid":{"rendered":"http:\/\/www.arxisdemexico.com.mx\/arxis\/?post_type=product&#038;p=25659"},"modified":"2018-09-19T12:03:29","modified_gmt":"2018-09-19T17:03:29","slug":"crimpadora-profesional","status":"publish","type":"product","link":"https:\/\/arxisdemexico.com.mx\/arxis\/producto\/crimpadora-profesional\/","title":{"rendered":"CRIMPADORA PROFESIONAL"},"content":{"rendered":"<p>Gracias a sus cuchillas, esta herramienta retira cubiertas de cable y corta cables con precisi\u00f3n. La pinza profesional de crimpeo para conectores RJ45\/RJ11\/RJ12 es vers\u00e1til y ergon\u00f3mica debido a su dise\u00f1o cubierto con material termopl\u00e1stico. Tiene un mecanismo de seguro dentado que minimiza el esfuerzo al realizar el proceso de crimpado. F\u00e1cil de manejar, confiable y resistente al trabajo en campo.<\/p>\n","protected":false},"excerpt":{"rendered":"<p>Gracias a sus cuchillas, esta herramienta retira cubiertas de cable y corta cables con precisi\u00f3n. La pinza profesional de crimpeo para conectores RJ45\/RJ11\/RJ12 es vers\u00e1til y ergon\u00f3mica debido a su [&hellip;]<\/p>\n","protected":false},"featured_media":25660,"comment_status":"open","ping_status":"closed","template":"","meta":{"_et_pb_use_builder":"","_et_pb_old_content":"","_et_gb_content_width":""},"product_brand":[],"product_cat":[671,724,726],"product_tag":[515],"class_list":{"0":"post-25659","1":"product","2":"type-product","3":"status-publish","4":"has-post-thumbnail","6":"product_cat-utp-cables","7":"product_cat-herramienta","8":"product_cat-redes-herramienta","9":"product_tag-optronics","11":"first","12":"instock","13":"taxable","14":"shipping-taxable","15":"product-type-simple"},"_links":{"self":[{"href":"https:\/\/arxisdemexico.com.mx\/arxis\/wp-json\/wp\/v2\/product\/25659","targetHints":{"allow":["GET"]}}],"collection":[{"href":"https:\/\/arxisdemexico.com.mx\/arxis\/wp-json\/wp\/v2\/product"}],"about":[{"href":"https:\/\/arxisdemexico.com.mx\/arxis\/wp-json\/wp\/v2\/types\/product"}],"replies":[{"embeddable":true,"href":"https:\/\/arxisdemexico.com.mx\/arxis\/wp-json\/wp\/v2\/comments?post=25659"}],"wp:featuredmedia":[{"embeddable":true,"href":"https:\/\/arxisdemexico.com.mx\/arxis\/wp-json\/wp\/v2\/media\/25660"}],"wp:attachment":[{"href":"https:\/\/arxisdemexico.com.mx\/arxis\/wp-json\/wp\/v2\/media?parent=25659"}],"wp:term":[{"taxonomy":"product_brand","embeddable":true,"href":"https:\/\/arxisdemexico.com.mx\/arxis\/wp-json\/wp\/v2\/product_brand?post=25659"},{"taxonomy":"product_cat","embeddable":true,"href":"https:\/\/arxisdemexico.com.mx\/arxis\/wp-json\/wp\/v2\/product_cat?post=25659"},{"taxonomy":"product_tag","embeddable":true,"href":"https:\/\/arxisdemexico.com.mx\/arxis\/wp-json\/wp\/v2\/product_tag?post=25659"}],"curies":[{"name":"wp","href":"https:\/\/api.w.org\/{rel}","templated":true}]}}