{"id":25646,"date":"2018-03-08T13:31:31","date_gmt":"2018-03-08T19:31:31","guid":{"rendered":"http:\/\/www.arxisdemexico.com.mx\/arxis\/?post_type=product&#038;p=25646"},"modified":"2018-09-13T14:29:08","modified_gmt":"2018-09-13T19:29:08","slug":"kx-ts108mew","status":"publish","type":"product","link":"https:\/\/arxisdemexico.com.mx\/arxis\/producto\/kx-ts108mew\/","title":{"rendered":"Tel\u00e9fono Al\u00e1mbrico KX-TS108MEW"},"content":{"rendered":"<p>Tel\u00e9fono Al\u00e1mbrico con LCD de 16 d\u00edgitos con reloj, Altavoz Digital, Puerto de Datos, remarcaci\u00f3n autom\u00e1tica, marcador de un toque, Color Blanco.<\/p>\n","protected":false},"excerpt":{"rendered":"<p>Tel\u00e9fono Al\u00e1mbrico con LCD de 16 d\u00edgitos con reloj, Altavoz Digital, Puerto de Datos, remarcaci\u00f3n autom\u00e1tica, marcador de un toque, Color Blanco.<\/p>\n","protected":false},"featured_media":25648,"comment_status":"open","ping_status":"closed","template":"","meta":{"_et_pb_use_builder":"","_et_pb_old_content":"","_et_gb_content_width":""},"product_brand":[],"product_cat":[767,770],"product_tag":[490],"class_list":{"0":"post-25646","1":"product","2":"type-product","3":"status-publish","4":"has-post-thumbnail","6":"product_cat-telefonia","7":"product_cat-conmutadores-pbx","8":"product_tag-panasonic","10":"first","11":"instock","12":"taxable","13":"shipping-taxable","14":"product-type-simple"},"_links":{"self":[{"href":"https:\/\/arxisdemexico.com.mx\/arxis\/wp-json\/wp\/v2\/product\/25646","targetHints":{"allow":["GET"]}}],"collection":[{"href":"https:\/\/arxisdemexico.com.mx\/arxis\/wp-json\/wp\/v2\/product"}],"about":[{"href":"https:\/\/arxisdemexico.com.mx\/arxis\/wp-json\/wp\/v2\/types\/product"}],"replies":[{"embeddable":true,"href":"https:\/\/arxisdemexico.com.mx\/arxis\/wp-json\/wp\/v2\/comments?post=25646"}],"wp:featuredmedia":[{"embeddable":true,"href":"https:\/\/arxisdemexico.com.mx\/arxis\/wp-json\/wp\/v2\/media\/25648"}],"wp:attachment":[{"href":"https:\/\/arxisdemexico.com.mx\/arxis\/wp-json\/wp\/v2\/media?parent=25646"}],"wp:term":[{"taxonomy":"product_brand","embeddable":true,"href":"https:\/\/arxisdemexico.com.mx\/arxis\/wp-json\/wp\/v2\/product_brand?post=25646"},{"taxonomy":"product_cat","embeddable":true,"href":"https:\/\/arxisdemexico.com.mx\/arxis\/wp-json\/wp\/v2\/product_cat?post=25646"},{"taxonomy":"product_tag","embeddable":true,"href":"https:\/\/arxisdemexico.com.mx\/arxis\/wp-json\/wp\/v2\/product_tag?post=25646"}],"curies":[{"name":"wp","href":"https:\/\/api.w.org\/{rel}","templated":true}]}}