{"id":25600,"date":"2018-03-08T12:50:04","date_gmt":"2018-03-08T18:50:04","guid":{"rendered":"http:\/\/www.arxisdemexico.com.mx\/arxis\/?post_type=product&#038;p=25600"},"modified":"2018-09-19T13:09:43","modified_gmt":"2018-09-19T18:09:43","slug":"kx-ns5174x","status":"publish","type":"product","link":"https:\/\/arxisdemexico.com.mx\/arxis\/producto\/kx-ns5174x\/","title":{"rendered":"MSLC 16 para NS500 KX-NS5174X"},"content":{"rendered":"<p>El modulo de crecimiento KX-NS5174\u00a0Panasonic permite crecer la capacidad de la central a 16 extensiones an\u00e1logas. En las extensiones anal\u00f3gicas se pueden conectar una amplia gama de tel\u00e9fonos como inalambricos, tel\u00e9fonos de conferencia, maquinas de m\u00f3dem o fax.<\/p>\n","protected":false},"excerpt":{"rendered":"<p>El modulo de crecimiento KX-NS5174\u00a0Panasonic permite crecer la capacidad de la central a 16 extensiones an\u00e1logas. En las extensiones anal\u00f3gicas se pueden conectar una amplia gama de tel\u00e9fonos como inalambricos, [&hellip;]<\/p>\n","protected":false},"featured_media":25603,"comment_status":"open","ping_status":"closed","template":"","meta":{"_et_pb_use_builder":"","_et_pb_old_content":"","_et_gb_content_width":""},"product_brand":[],"product_cat":[767,768,770],"product_tag":[490],"class_list":{"0":"post-25600","1":"product","2":"type-product","3":"status-publish","4":"has-post-thumbnail","6":"product_cat-telefonia","7":"product_cat-accesorios-telefonia","8":"product_cat-conmutadores-pbx","9":"product_tag-panasonic","11":"first","12":"instock","13":"taxable","14":"shipping-taxable","15":"product-type-simple"},"_links":{"self":[{"href":"https:\/\/arxisdemexico.com.mx\/arxis\/wp-json\/wp\/v2\/product\/25600","targetHints":{"allow":["GET"]}}],"collection":[{"href":"https:\/\/arxisdemexico.com.mx\/arxis\/wp-json\/wp\/v2\/product"}],"about":[{"href":"https:\/\/arxisdemexico.com.mx\/arxis\/wp-json\/wp\/v2\/types\/product"}],"replies":[{"embeddable":true,"href":"https:\/\/arxisdemexico.com.mx\/arxis\/wp-json\/wp\/v2\/comments?post=25600"}],"wp:featuredmedia":[{"embeddable":true,"href":"https:\/\/arxisdemexico.com.mx\/arxis\/wp-json\/wp\/v2\/media\/25603"}],"wp:attachment":[{"href":"https:\/\/arxisdemexico.com.mx\/arxis\/wp-json\/wp\/v2\/media?parent=25600"}],"wp:term":[{"taxonomy":"product_brand","embeddable":true,"href":"https:\/\/arxisdemexico.com.mx\/arxis\/wp-json\/wp\/v2\/product_brand?post=25600"},{"taxonomy":"product_cat","embeddable":true,"href":"https:\/\/arxisdemexico.com.mx\/arxis\/wp-json\/wp\/v2\/product_cat?post=25600"},{"taxonomy":"product_tag","embeddable":true,"href":"https:\/\/arxisdemexico.com.mx\/arxis\/wp-json\/wp\/v2\/product_tag?post=25600"}],"curies":[{"name":"wp","href":"https:\/\/api.w.org\/{rel}","templated":true}]}}