{"id":25583,"date":"2018-03-08T12:40:56","date_gmt":"2018-03-08T18:40:56","guid":{"rendered":"http:\/\/www.arxisdemexico.com.mx\/arxis\/?post_type=product&#038;p=25583"},"modified":"2018-09-19T13:10:59","modified_gmt":"2018-09-19T18:10:59","slug":"pelador-y-cortador-multifuncional","status":"publish","type":"product","link":"https:\/\/arxisdemexico.com.mx\/arxis\/producto\/pelador-y-cortador-multifuncional\/","title":{"rendered":"PELADOR Y CORTADOR MULTIFUNCIONAL"},"content":{"rendered":"<p>Es una herramienta multifuncional para remover la cubierta de los cables de manera eficiente y suave, minimizando la posibilidad de da\u00f1ar los cables el\u00e9ctricos. Ofrece un seguro para impedir que el pelador no se abra cuando no est\u00e9 en uso y cuenta con un mango de agarre c\u00f3modo. Abarca di\u00e1metros de 0.6mm a 2.60mm (22 a 10 AWG), tiene una punta para sujeci\u00f3n o realizar trenzados y navajas para corte de cable.<\/p>\n","protected":false},"excerpt":{"rendered":"<p>Es una herramienta multifuncional para remover la cubierta de los cables de manera eficiente y suave, minimizando la posibilidad de da\u00f1ar los cables el\u00e9ctricos. Ofrece un seguro para impedir que [&hellip;]<\/p>\n","protected":false},"featured_media":25587,"comment_status":"open","ping_status":"closed","template":"","meta":{"_et_pb_use_builder":"","_et_pb_old_content":"","_et_gb_content_width":""},"product_brand":[],"product_cat":[708,709,724],"product_tag":[515],"class_list":{"0":"post-25583","1":"product","2":"type-product","3":"status-publish","4":"has-post-thumbnail","6":"product_cat-infraestructura","7":"product_cat-cableado-estructurado","8":"product_cat-herramienta","9":"product_tag-optronics","11":"first","12":"instock","13":"taxable","14":"shipping-taxable","15":"product-type-simple"},"_links":{"self":[{"href":"https:\/\/arxisdemexico.com.mx\/arxis\/wp-json\/wp\/v2\/product\/25583","targetHints":{"allow":["GET"]}}],"collection":[{"href":"https:\/\/arxisdemexico.com.mx\/arxis\/wp-json\/wp\/v2\/product"}],"about":[{"href":"https:\/\/arxisdemexico.com.mx\/arxis\/wp-json\/wp\/v2\/types\/product"}],"replies":[{"embeddable":true,"href":"https:\/\/arxisdemexico.com.mx\/arxis\/wp-json\/wp\/v2\/comments?post=25583"}],"wp:featuredmedia":[{"embeddable":true,"href":"https:\/\/arxisdemexico.com.mx\/arxis\/wp-json\/wp\/v2\/media\/25587"}],"wp:attachment":[{"href":"https:\/\/arxisdemexico.com.mx\/arxis\/wp-json\/wp\/v2\/media?parent=25583"}],"wp:term":[{"taxonomy":"product_brand","embeddable":true,"href":"https:\/\/arxisdemexico.com.mx\/arxis\/wp-json\/wp\/v2\/product_brand?post=25583"},{"taxonomy":"product_cat","embeddable":true,"href":"https:\/\/arxisdemexico.com.mx\/arxis\/wp-json\/wp\/v2\/product_cat?post=25583"},{"taxonomy":"product_tag","embeddable":true,"href":"https:\/\/arxisdemexico.com.mx\/arxis\/wp-json\/wp\/v2\/product_tag?post=25583"}],"curies":[{"name":"wp","href":"https:\/\/api.w.org\/{rel}","templated":true}]}}