{"id":25575,"date":"2018-03-08T12:35:39","date_gmt":"2018-03-08T18:35:39","guid":{"rendered":"http:\/\/www.arxisdemexico.com.mx\/arxis\/?post_type=product&#038;p=25575"},"modified":"2018-09-19T13:13:00","modified_gmt":"2018-09-19T18:13:00","slug":"pinza-de-corte-de-alta-precision","status":"publish","type":"product","link":"https:\/\/arxisdemexico.com.mx\/arxis\/producto\/pinza-de-corte-de-alta-precision\/","title":{"rendered":"PINZA DE CORTE DE ALTA PRECISI\u00d3N"},"content":{"rendered":"<p>Corta alambre de hasta 18AWG (1mm). Fabricadas en acero para incrementar la capacidad de corte y prolongar su vida \u00fatil. Las pinzas de corte cuentan con un tornillo de precisi\u00f3n para ajusta la articulaci\u00f3n y un mango aislante ergon\u00f3mico que facilita el proceso de corte.<\/p>\n","protected":false},"excerpt":{"rendered":"<p>Corta alambre de hasta 18AWG (1mm). Fabricadas en acero para incrementar la capacidad de corte y prolongar su vida \u00fatil. Las pinzas de corte cuentan con un tornillo de precisi\u00f3n [&hellip;]<\/p>\n","protected":false},"featured_media":25577,"comment_status":"open","ping_status":"closed","template":"","meta":{"_et_pb_use_builder":"","_et_pb_old_content":"","_et_gb_content_width":""},"product_brand":[],"product_cat":[708,709,724],"product_tag":[515],"class_list":{"0":"post-25575","1":"product","2":"type-product","3":"status-publish","4":"has-post-thumbnail","6":"product_cat-infraestructura","7":"product_cat-cableado-estructurado","8":"product_cat-herramienta","9":"product_tag-optronics","11":"first","12":"instock","13":"taxable","14":"shipping-taxable","15":"product-type-simple"},"_links":{"self":[{"href":"https:\/\/arxisdemexico.com.mx\/arxis\/wp-json\/wp\/v2\/product\/25575","targetHints":{"allow":["GET"]}}],"collection":[{"href":"https:\/\/arxisdemexico.com.mx\/arxis\/wp-json\/wp\/v2\/product"}],"about":[{"href":"https:\/\/arxisdemexico.com.mx\/arxis\/wp-json\/wp\/v2\/types\/product"}],"replies":[{"embeddable":true,"href":"https:\/\/arxisdemexico.com.mx\/arxis\/wp-json\/wp\/v2\/comments?post=25575"}],"wp:featuredmedia":[{"embeddable":true,"href":"https:\/\/arxisdemexico.com.mx\/arxis\/wp-json\/wp\/v2\/media\/25577"}],"wp:attachment":[{"href":"https:\/\/arxisdemexico.com.mx\/arxis\/wp-json\/wp\/v2\/media?parent=25575"}],"wp:term":[{"taxonomy":"product_brand","embeddable":true,"href":"https:\/\/arxisdemexico.com.mx\/arxis\/wp-json\/wp\/v2\/product_brand?post=25575"},{"taxonomy":"product_cat","embeddable":true,"href":"https:\/\/arxisdemexico.com.mx\/arxis\/wp-json\/wp\/v2\/product_cat?post=25575"},{"taxonomy":"product_tag","embeddable":true,"href":"https:\/\/arxisdemexico.com.mx\/arxis\/wp-json\/wp\/v2\/product_tag?post=25575"}],"curies":[{"name":"wp","href":"https:\/\/api.w.org\/{rel}","templated":true}]}}