{"id":25556,"date":"2018-03-08T12:23:37","date_gmt":"2018-03-08T18:23:37","guid":{"rendered":"http:\/\/www.arxisdemexico.com.mx\/arxis\/?post_type=product&#038;p=25556"},"modified":"2018-09-19T13:17:11","modified_gmt":"2018-09-19T18:17:11","slug":"unidad-principal-6-x-18-kx-ns500la","status":"publish","type":"product","link":"https:\/\/arxisdemexico.com.mx\/arxis\/producto\/unidad-principal-6-x-18-kx-ns500la\/","title":{"rendered":"Unidad principal 6 X 18 KX-NS500LA"},"content":{"rendered":"<p>M\u00e1s accesible. Mayor calidad de comunicaci\u00f3n.<\/p>\n<p>Sistema PBX h\u00edbrido inteligente dirigido a las peque\u00f1as y medianas empresas<br \/>\nPosibilidad de ampliaci\u00f3n desde seis conexiones troncales anal\u00f3gicas y 18 extensiones hasta 190 canales y 288 extensiones mediante la agregaci\u00f3n de unidades de expansi\u00f3n<br \/>\nInstalaci\u00f3n y uso eficiente en t\u00e9rminos de costes<br \/>\nEntre las aplicaciones integradas se incluye una soluci\u00f3n de centro de llamadas, una soluci\u00f3n m\u00f3vil y correo de voz<br \/>\nSencilla evoluci\u00f3n de comunicaciones anal\u00f3gicas a IP<\/p>\n","protected":false},"excerpt":{"rendered":"<p>M\u00e1s accesible. Mayor calidad de comunicaci\u00f3n. Sistema PBX h\u00edbrido inteligente dirigido a las peque\u00f1as y medianas empresas Posibilidad de ampliaci\u00f3n desde seis conexiones troncales anal\u00f3gicas y 18 extensiones hasta 190 [&hellip;]<\/p>\n","protected":false},"featured_media":25557,"comment_status":"open","ping_status":"closed","template":"","meta":{"_et_pb_use_builder":"","_et_pb_old_content":"","_et_gb_content_width":""},"product_brand":[],"product_cat":[767,770],"product_tag":[490],"class_list":{"0":"post-25556","1":"product","2":"type-product","3":"status-publish","4":"has-post-thumbnail","6":"product_cat-telefonia","7":"product_cat-conmutadores-pbx","8":"product_tag-panasonic","10":"first","11":"instock","12":"taxable","13":"shipping-taxable","14":"product-type-simple"},"_links":{"self":[{"href":"https:\/\/arxisdemexico.com.mx\/arxis\/wp-json\/wp\/v2\/product\/25556","targetHints":{"allow":["GET"]}}],"collection":[{"href":"https:\/\/arxisdemexico.com.mx\/arxis\/wp-json\/wp\/v2\/product"}],"about":[{"href":"https:\/\/arxisdemexico.com.mx\/arxis\/wp-json\/wp\/v2\/types\/product"}],"replies":[{"embeddable":true,"href":"https:\/\/arxisdemexico.com.mx\/arxis\/wp-json\/wp\/v2\/comments?post=25556"}],"wp:featuredmedia":[{"embeddable":true,"href":"https:\/\/arxisdemexico.com.mx\/arxis\/wp-json\/wp\/v2\/media\/25557"}],"wp:attachment":[{"href":"https:\/\/arxisdemexico.com.mx\/arxis\/wp-json\/wp\/v2\/media?parent=25556"}],"wp:term":[{"taxonomy":"product_brand","embeddable":true,"href":"https:\/\/arxisdemexico.com.mx\/arxis\/wp-json\/wp\/v2\/product_brand?post=25556"},{"taxonomy":"product_cat","embeddable":true,"href":"https:\/\/arxisdemexico.com.mx\/arxis\/wp-json\/wp\/v2\/product_cat?post=25556"},{"taxonomy":"product_tag","embeddable":true,"href":"https:\/\/arxisdemexico.com.mx\/arxis\/wp-json\/wp\/v2\/product_tag?post=25556"}],"curies":[{"name":"wp","href":"https:\/\/api.w.org\/{rel}","templated":true}]}}