{"id":25505,"date":"2018-03-08T11:36:10","date_gmt":"2018-03-08T17:36:10","guid":{"rendered":"http:\/\/www.arxisdemexico.com.mx\/arxis\/?post_type=product&#038;p=25505"},"modified":"2018-09-19T13:34:17","modified_gmt":"2018-09-19T18:34:17","slug":"cortador-de-fibra-economico","status":"publish","type":"product","link":"https:\/\/arxisdemexico.com.mx\/arxis\/producto\/cortador-de-fibra-economico\/","title":{"rendered":"CORTADOR DE FIBRA ECON\u00d3MICO"},"content":{"rendered":"<p>Herramienta indispensable para retirar con exactitud la fibra excedente del conector, posterior al proceso de curado. Cuenta con un elegante dise\u00f1o tipo bol\u00edgrafo con tap\u00f3n de presi\u00f3n para transporte seguro. Su dise\u00f1o garantiza comodidad al realizar el corte con su navaja de carburo de 3.2 mm. Ideal para aplicaciones en campo o laboratorio.<\/p>\n","protected":false},"excerpt":{"rendered":"<p>Herramienta indispensable para retirar con exactitud la fibra excedente del conector, posterior al proceso de curado. Cuenta con un elegante dise\u00f1o tipo bol\u00edgrafo con tap\u00f3n de presi\u00f3n para transporte seguro. [&hellip;]<\/p>\n","protected":false},"featured_media":25508,"comment_status":"open","ping_status":"closed","template":"","meta":{"_et_pb_use_builder":"","_et_pb_old_content":"","_et_gb_content_width":""},"product_brand":[],"product_cat":[659,724],"product_tag":[515],"class_list":{"0":"post-25505","1":"product","2":"type-product","3":"status-publish","4":"has-post-thumbnail","6":"product_cat-fibra-optica-cables","7":"product_cat-herramienta","8":"product_tag-optronics","10":"first","11":"instock","12":"taxable","13":"shipping-taxable","14":"product-type-simple"},"_links":{"self":[{"href":"https:\/\/arxisdemexico.com.mx\/arxis\/wp-json\/wp\/v2\/product\/25505","targetHints":{"allow":["GET"]}}],"collection":[{"href":"https:\/\/arxisdemexico.com.mx\/arxis\/wp-json\/wp\/v2\/product"}],"about":[{"href":"https:\/\/arxisdemexico.com.mx\/arxis\/wp-json\/wp\/v2\/types\/product"}],"replies":[{"embeddable":true,"href":"https:\/\/arxisdemexico.com.mx\/arxis\/wp-json\/wp\/v2\/comments?post=25505"}],"wp:featuredmedia":[{"embeddable":true,"href":"https:\/\/arxisdemexico.com.mx\/arxis\/wp-json\/wp\/v2\/media\/25508"}],"wp:attachment":[{"href":"https:\/\/arxisdemexico.com.mx\/arxis\/wp-json\/wp\/v2\/media?parent=25505"}],"wp:term":[{"taxonomy":"product_brand","embeddable":true,"href":"https:\/\/arxisdemexico.com.mx\/arxis\/wp-json\/wp\/v2\/product_brand?post=25505"},{"taxonomy":"product_cat","embeddable":true,"href":"https:\/\/arxisdemexico.com.mx\/arxis\/wp-json\/wp\/v2\/product_cat?post=25505"},{"taxonomy":"product_tag","embeddable":true,"href":"https:\/\/arxisdemexico.com.mx\/arxis\/wp-json\/wp\/v2\/product_tag?post=25505"}],"curies":[{"name":"wp","href":"https:\/\/api.w.org\/{rel}","templated":true}]}}