{"id":25500,"date":"2018-03-08T11:33:39","date_gmt":"2018-03-08T17:33:39","guid":{"rendered":"http:\/\/www.arxisdemexico.com.mx\/arxis\/?post_type=product&#038;p=25500"},"modified":"2018-09-19T13:34:59","modified_gmt":"2018-09-19T18:34:59","slug":"horno-con-base-24-posiciones","status":"publish","type":"product","link":"https:\/\/arxisdemexico.com.mx\/arxis\/producto\/horno-con-base-24-posiciones\/","title":{"rendered":"HORNO CON BASE 24 POSICIONES"},"content":{"rendered":"<p>Permite el curado de conectores con gran precisi\u00f3n. Incluye term\u00f3metro para inspecci\u00f3n de temperatura y base para cables. Su sistema de control de temperatura mantendr\u00e1 al dispositivo en la temperatura deseada seg\u00fan la configuraci\u00f3n determinada, esta temperatura oscila entre 40\u00b0C a 200\u00b0C. Cuenta con indicador de temperatura el cual se mantendr\u00e1 encendido hasta que el horno llegue a la temperatura deseada. Cuenta con base para conectores con f\u00e9rula de 1.25mm y 2.5mm.<\/p>\n","protected":false},"excerpt":{"rendered":"<p>Permite el curado de conectores con gran precisi\u00f3n. Incluye term\u00f3metro para inspecci\u00f3n de temperatura y base para cables. Su sistema de control de temperatura mantendr\u00e1 al dispositivo en la temperatura [&hellip;]<\/p>\n","protected":false},"featured_media":25502,"comment_status":"open","ping_status":"closed","template":"","meta":{"_et_pb_use_builder":"","_et_pb_old_content":"","_et_gb_content_width":""},"product_brand":[],"product_cat":[659,724],"product_tag":[515],"class_list":{"0":"post-25500","1":"product","2":"type-product","3":"status-publish","4":"has-post-thumbnail","6":"product_cat-fibra-optica-cables","7":"product_cat-herramienta","8":"product_tag-optronics","10":"first","11":"instock","12":"taxable","13":"shipping-taxable","14":"product-type-simple"},"_links":{"self":[{"href":"https:\/\/arxisdemexico.com.mx\/arxis\/wp-json\/wp\/v2\/product\/25500","targetHints":{"allow":["GET"]}}],"collection":[{"href":"https:\/\/arxisdemexico.com.mx\/arxis\/wp-json\/wp\/v2\/product"}],"about":[{"href":"https:\/\/arxisdemexico.com.mx\/arxis\/wp-json\/wp\/v2\/types\/product"}],"replies":[{"embeddable":true,"href":"https:\/\/arxisdemexico.com.mx\/arxis\/wp-json\/wp\/v2\/comments?post=25500"}],"wp:featuredmedia":[{"embeddable":true,"href":"https:\/\/arxisdemexico.com.mx\/arxis\/wp-json\/wp\/v2\/media\/25502"}],"wp:attachment":[{"href":"https:\/\/arxisdemexico.com.mx\/arxis\/wp-json\/wp\/v2\/media?parent=25500"}],"wp:term":[{"taxonomy":"product_brand","embeddable":true,"href":"https:\/\/arxisdemexico.com.mx\/arxis\/wp-json\/wp\/v2\/product_brand?post=25500"},{"taxonomy":"product_cat","embeddable":true,"href":"https:\/\/arxisdemexico.com.mx\/arxis\/wp-json\/wp\/v2\/product_cat?post=25500"},{"taxonomy":"product_tag","embeddable":true,"href":"https:\/\/arxisdemexico.com.mx\/arxis\/wp-json\/wp\/v2\/product_tag?post=25500"}],"curies":[{"name":"wp","href":"https:\/\/api.w.org\/{rel}","templated":true}]}}