{"id":25479,"date":"2018-03-08T11:23:03","date_gmt":"2018-03-08T17:23:03","guid":{"rendered":"http:\/\/www.arxisdemexico.com.mx\/arxis\/?post_type=product&#038;p=25479"},"modified":"2018-09-19T13:39:26","modified_gmt":"2018-09-19T18:39:26","slug":"pelador-de-recubrimiento","status":"publish","type":"product","link":"https:\/\/arxisdemexico.com.mx\/arxis\/producto\/pelador-de-recubrimiento\/","title":{"rendered":"PELADOR DE RECUBRIMIENTO"},"content":{"rendered":"<p>Con cuchillas dise\u00f1adas para remover con precisi\u00f3n el recubrimiento primario de 2mm y el recubrimiento ajustado de 250um\/900um sin da\u00f1ar la fibra. Cuenta con un seguro para proteger las cuchillas impidiendo que el pelador se abra cuando no se utiliza. Una herramienta port\u00e1til e indispensable para la preparaci\u00f3n de los cables de fibra \u00f3ptica.<\/p>\n","protected":false},"excerpt":{"rendered":"<p>Con cuchillas dise\u00f1adas para remover con precisi\u00f3n el recubrimiento primario de 2mm y el recubrimiento ajustado de 250um\/900um sin da\u00f1ar la fibra. Cuenta con un seguro para proteger las cuchillas [&hellip;]<\/p>\n","protected":false},"featured_media":25481,"comment_status":"open","ping_status":"closed","template":"","meta":{"_et_pb_use_builder":"","_et_pb_old_content":"","_et_gb_content_width":""},"product_brand":[],"product_cat":[659,724],"product_tag":[515],"class_list":{"0":"post-25479","1":"product","2":"type-product","3":"status-publish","4":"has-post-thumbnail","6":"product_cat-fibra-optica-cables","7":"product_cat-herramienta","8":"product_tag-optronics","10":"first","11":"instock","12":"taxable","13":"shipping-taxable","14":"product-type-simple"},"_links":{"self":[{"href":"https:\/\/arxisdemexico.com.mx\/arxis\/wp-json\/wp\/v2\/product\/25479","targetHints":{"allow":["GET"]}}],"collection":[{"href":"https:\/\/arxisdemexico.com.mx\/arxis\/wp-json\/wp\/v2\/product"}],"about":[{"href":"https:\/\/arxisdemexico.com.mx\/arxis\/wp-json\/wp\/v2\/types\/product"}],"replies":[{"embeddable":true,"href":"https:\/\/arxisdemexico.com.mx\/arxis\/wp-json\/wp\/v2\/comments?post=25479"}],"wp:featuredmedia":[{"embeddable":true,"href":"https:\/\/arxisdemexico.com.mx\/arxis\/wp-json\/wp\/v2\/media\/25481"}],"wp:attachment":[{"href":"https:\/\/arxisdemexico.com.mx\/arxis\/wp-json\/wp\/v2\/media?parent=25479"}],"wp:term":[{"taxonomy":"product_brand","embeddable":true,"href":"https:\/\/arxisdemexico.com.mx\/arxis\/wp-json\/wp\/v2\/product_brand?post=25479"},{"taxonomy":"product_cat","embeddable":true,"href":"https:\/\/arxisdemexico.com.mx\/arxis\/wp-json\/wp\/v2\/product_cat?post=25479"},{"taxonomy":"product_tag","embeddable":true,"href":"https:\/\/arxisdemexico.com.mx\/arxis\/wp-json\/wp\/v2\/product_tag?post=25479"}],"curies":[{"name":"wp","href":"https:\/\/api.w.org\/{rel}","templated":true}]}}