{"id":25474,"date":"2018-03-08T11:21:02","date_gmt":"2018-03-08T17:21:02","guid":{"rendered":"http:\/\/www.arxisdemexico.com.mx\/arxis\/?post_type=product&#038;p=25474"},"modified":"2018-09-19T13:39:53","modified_gmt":"2018-09-19T18:39:53","slug":"pelador-profesional","status":"publish","type":"product","link":"https:\/\/arxisdemexico.com.mx\/arxis\/producto\/pelador-profesional\/","title":{"rendered":"PELADOR PROFESIONAL"},"content":{"rendered":"<p>Permite retirar las cubiertas de 2mm, el buffer de 250 m y 900 m sin da?ar la fibra en el proceso. Cuenta con mangos de sujeci\u00f3n que aseguran comodidad en la operaci\u00f3n al remover los recubrimientos de manera eficiente y suave, minimizando la posibilidad de da\u00f1ar la fibra y el tiempo de preparaci\u00f3n. Ofrece un seguro para impedir que el pelador se abra cuando no se utiliza, protegiendo las cuchillas.<\/p>\n","protected":false},"excerpt":{"rendered":"<p>Permite retirar las cubiertas de 2mm, el buffer de 250 m y 900 m sin da?ar la fibra en el proceso. Cuenta con mangos de sujeci\u00f3n que aseguran comodidad en [&hellip;]<\/p>\n","protected":false},"featured_media":25477,"comment_status":"open","ping_status":"closed","template":"","meta":{"_et_pb_use_builder":"","_et_pb_old_content":"","_et_gb_content_width":""},"product_brand":[],"product_cat":[659,724],"product_tag":[515],"class_list":{"0":"post-25474","1":"product","2":"type-product","3":"status-publish","4":"has-post-thumbnail","6":"product_cat-fibra-optica-cables","7":"product_cat-herramienta","8":"product_tag-optronics","10":"first","11":"instock","12":"taxable","13":"shipping-taxable","14":"product-type-simple"},"_links":{"self":[{"href":"https:\/\/arxisdemexico.com.mx\/arxis\/wp-json\/wp\/v2\/product\/25474","targetHints":{"allow":["GET"]}}],"collection":[{"href":"https:\/\/arxisdemexico.com.mx\/arxis\/wp-json\/wp\/v2\/product"}],"about":[{"href":"https:\/\/arxisdemexico.com.mx\/arxis\/wp-json\/wp\/v2\/types\/product"}],"replies":[{"embeddable":true,"href":"https:\/\/arxisdemexico.com.mx\/arxis\/wp-json\/wp\/v2\/comments?post=25474"}],"wp:featuredmedia":[{"embeddable":true,"href":"https:\/\/arxisdemexico.com.mx\/arxis\/wp-json\/wp\/v2\/media\/25477"}],"wp:attachment":[{"href":"https:\/\/arxisdemexico.com.mx\/arxis\/wp-json\/wp\/v2\/media?parent=25474"}],"wp:term":[{"taxonomy":"product_brand","embeddable":true,"href":"https:\/\/arxisdemexico.com.mx\/arxis\/wp-json\/wp\/v2\/product_brand?post=25474"},{"taxonomy":"product_cat","embeddable":true,"href":"https:\/\/arxisdemexico.com.mx\/arxis\/wp-json\/wp\/v2\/product_cat?post=25474"},{"taxonomy":"product_tag","embeddable":true,"href":"https:\/\/arxisdemexico.com.mx\/arxis\/wp-json\/wp\/v2\/product_tag?post=25474"}],"curies":[{"name":"wp","href":"https:\/\/api.w.org\/{rel}","templated":true}]}}