{"id":25459,"date":"2018-03-08T11:19:51","date_gmt":"2018-03-08T17:19:51","guid":{"rendered":"http:\/\/www.arxisdemexico.com.mx\/arxis\/?post_type=product&#038;p=25459"},"modified":"2018-09-19T13:40:11","modified_gmt":"2018-09-19T18:40:11","slug":"tarjeta-de-extensiones-unilinea-analogas-de-8-puertos-slt-kx-tda3174xj","status":"publish","type":"product","link":"https:\/\/arxisdemexico.com.mx\/arxis\/producto\/tarjeta-de-extensiones-unilinea-analogas-de-8-puertos-slt-kx-tda3174xj\/","title":{"rendered":"Tarjeta de extensiones unil\u00ednea an\u00e1logas de 8 puertos SLT KX-TDA3174XJ"},"content":{"rendered":"<p>Modulo de ampliaci\u00f3n para<br \/>\nCentralitas Panasonic KX-TDA15 y KX-TDA30<\/p>\n<p>&#8211; Sirve para a\u00f1adir 8 puertos regulares a la capacidad existente.<\/p>\n<p>&#8211; Este modulo permite agregar 8 telefonos analogicos .<\/p>\n","protected":false},"excerpt":{"rendered":"<p>Modulo de ampliaci\u00f3n para Centralitas Panasonic KX-TDA15 y KX-TDA30 &#8211; Sirve para a\u00f1adir 8 puertos regulares a la capacidad existente. &#8211; Este modulo permite agregar 8 telefonos analogicos .<\/p>\n","protected":false},"featured_media":25475,"comment_status":"open","ping_status":"closed","template":"","meta":{"_et_pb_use_builder":"","_et_pb_old_content":"","_et_gb_content_width":""},"product_brand":[],"product_cat":[767,768,770],"product_tag":[490],"class_list":{"0":"post-25459","1":"product","2":"type-product","3":"status-publish","4":"has-post-thumbnail","6":"product_cat-telefonia","7":"product_cat-accesorios-telefonia","8":"product_cat-conmutadores-pbx","9":"product_tag-panasonic","11":"first","12":"instock","13":"taxable","14":"shipping-taxable","15":"product-type-simple"},"_links":{"self":[{"href":"https:\/\/arxisdemexico.com.mx\/arxis\/wp-json\/wp\/v2\/product\/25459","targetHints":{"allow":["GET"]}}],"collection":[{"href":"https:\/\/arxisdemexico.com.mx\/arxis\/wp-json\/wp\/v2\/product"}],"about":[{"href":"https:\/\/arxisdemexico.com.mx\/arxis\/wp-json\/wp\/v2\/types\/product"}],"replies":[{"embeddable":true,"href":"https:\/\/arxisdemexico.com.mx\/arxis\/wp-json\/wp\/v2\/comments?post=25459"}],"wp:featuredmedia":[{"embeddable":true,"href":"https:\/\/arxisdemexico.com.mx\/arxis\/wp-json\/wp\/v2\/media\/25475"}],"wp:attachment":[{"href":"https:\/\/arxisdemexico.com.mx\/arxis\/wp-json\/wp\/v2\/media?parent=25459"}],"wp:term":[{"taxonomy":"product_brand","embeddable":true,"href":"https:\/\/arxisdemexico.com.mx\/arxis\/wp-json\/wp\/v2\/product_brand?post=25459"},{"taxonomy":"product_cat","embeddable":true,"href":"https:\/\/arxisdemexico.com.mx\/arxis\/wp-json\/wp\/v2\/product_cat?post=25459"},{"taxonomy":"product_tag","embeddable":true,"href":"https:\/\/arxisdemexico.com.mx\/arxis\/wp-json\/wp\/v2\/product_tag?post=25459"}],"curies":[{"name":"wp","href":"https:\/\/api.w.org\/{rel}","templated":true}]}}