{"id":25444,"date":"2018-03-08T11:05:24","date_gmt":"2018-03-08T17:05:24","guid":{"rendered":"http:\/\/www.arxisdemexico.com.mx\/arxis\/?post_type=product&#038;p=25444"},"modified":"2018-09-19T14:35:06","modified_gmt":"2018-09-19T19:35:06","slug":"tarjeta-de-troncales-de-16-puertos-lcot16-kx-tda6181","status":"publish","type":"product","link":"https:\/\/arxisdemexico.com.mx\/arxis\/producto\/tarjeta-de-troncales-de-16-puertos-lcot16-kx-tda6181\/","title":{"rendered":"Tarjeta de Troncales de 16 puertos (LCOT16) KX-TDA6181"},"content":{"rendered":"<p>Compatible con\u00a0KX-TDE600, con esta tarjeta puedes a\u00f1adir 16 troncales anal\u00f3gicas<\/p>\n<ul>\n<li>Tarjeta de ampliaci\u00f3n de 16 troncales (LCOT16)<\/li>\n<li>16 puertos por tarjeta<\/li>\n<li>4 puertos w \/ Transferencia por fallo de alimentaci\u00f3n<\/li>\n<li>1 Tarjeta Requiere 1 Slot libre<\/li>\n<li>Puede ser montado en apoyo del identificador de llamadas<\/li>\n<\/ul>\n","protected":false},"excerpt":{"rendered":"<p>Compatible con\u00a0KX-TDE600, con esta tarjeta puedes a\u00f1adir 16 troncales anal\u00f3gicas Tarjeta de ampliaci\u00f3n de 16 troncales (LCOT16) 16 puertos por tarjeta 4 puertos w \/ Transferencia por fallo de alimentaci\u00f3n [&hellip;]<\/p>\n","protected":false},"featured_media":25454,"comment_status":"open","ping_status":"closed","template":"","meta":{"_et_pb_use_builder":"","_et_pb_old_content":"","_et_gb_content_width":""},"product_brand":[],"product_cat":[767,768,770],"product_tag":[490],"class_list":{"0":"post-25444","1":"product","2":"type-product","3":"status-publish","4":"has-post-thumbnail","6":"product_cat-telefonia","7":"product_cat-accesorios-telefonia","8":"product_cat-conmutadores-pbx","9":"product_tag-panasonic","11":"first","12":"instock","13":"taxable","14":"shipping-taxable","15":"product-type-simple"},"_links":{"self":[{"href":"https:\/\/arxisdemexico.com.mx\/arxis\/wp-json\/wp\/v2\/product\/25444","targetHints":{"allow":["GET"]}}],"collection":[{"href":"https:\/\/arxisdemexico.com.mx\/arxis\/wp-json\/wp\/v2\/product"}],"about":[{"href":"https:\/\/arxisdemexico.com.mx\/arxis\/wp-json\/wp\/v2\/types\/product"}],"replies":[{"embeddable":true,"href":"https:\/\/arxisdemexico.com.mx\/arxis\/wp-json\/wp\/v2\/comments?post=25444"}],"wp:featuredmedia":[{"embeddable":true,"href":"https:\/\/arxisdemexico.com.mx\/arxis\/wp-json\/wp\/v2\/media\/25454"}],"wp:attachment":[{"href":"https:\/\/arxisdemexico.com.mx\/arxis\/wp-json\/wp\/v2\/media?parent=25444"}],"wp:term":[{"taxonomy":"product_brand","embeddable":true,"href":"https:\/\/arxisdemexico.com.mx\/arxis\/wp-json\/wp\/v2\/product_brand?post=25444"},{"taxonomy":"product_cat","embeddable":true,"href":"https:\/\/arxisdemexico.com.mx\/arxis\/wp-json\/wp\/v2\/product_cat?post=25444"},{"taxonomy":"product_tag","embeddable":true,"href":"https:\/\/arxisdemexico.com.mx\/arxis\/wp-json\/wp\/v2\/product_tag?post=25444"}],"curies":[{"name":"wp","href":"https:\/\/api.w.org\/{rel}","templated":true}]}}