{"id":25432,"date":"2018-03-08T11:01:07","date_gmt":"2018-03-08T17:01:07","guid":{"rendered":"http:\/\/www.arxisdemexico.com.mx\/arxis\/?post_type=product&#038;p=25432"},"modified":"2018-09-19T14:42:29","modified_gmt":"2018-09-19T19:42:29","slug":"pelador-de-acceso-intermedio-1-9-a-3-mm","status":"publish","type":"product","link":"https:\/\/arxisdemexico.com.mx\/arxis\/producto\/pelador-de-acceso-intermedio-1-9-a-3-mm\/","title":{"rendered":"PELADOR DE ACCESO INTERMEDIO 1.9 A 3 MM"},"content":{"rendered":"<p>El pelador de acceso intermedio, est\u00e1 dise\u00f1ado para trabajar con fibras \u00f3pticas que contienen tubos holgados desde 1.9 mm a 3 mm, cuenta con dimensionamientos de canales para determinar f\u00e1cilmente el tama\u00f1o del tubo y prevenir datos al cable. Gracias a su mecanismo de bloqueo, asegura que la herramienta permanecer? cerrada a trav\u00e9s de toda la operaci\u00f3n de corte. Permite tener acceso a la fibra \u00f3ptica en los tubos buffer descubiertos, a mitad de tramo del cable. Produce una abertura precisa, lo que previene da\u00f1ar la fibra durante el trabajo.<\/p>\n","protected":false},"excerpt":{"rendered":"<p>El pelador de acceso intermedio, est\u00e1 dise\u00f1ado para trabajar con fibras \u00f3pticas que contienen tubos holgados desde 1.9 mm a 3 mm, cuenta con dimensionamientos de canales para determinar f\u00e1cilmente [&hellip;]<\/p>\n","protected":false},"featured_media":25440,"comment_status":"open","ping_status":"closed","template":"","meta":{"_et_pb_use_builder":"","_et_pb_old_content":"","_et_gb_content_width":""},"product_brand":[],"product_cat":[659,724],"product_tag":[515],"class_list":{"0":"post-25432","1":"product","2":"type-product","3":"status-publish","4":"has-post-thumbnail","6":"product_cat-fibra-optica-cables","7":"product_cat-herramienta","8":"product_tag-optronics","10":"first","11":"instock","12":"taxable","13":"shipping-taxable","14":"product-type-simple"},"_links":{"self":[{"href":"https:\/\/arxisdemexico.com.mx\/arxis\/wp-json\/wp\/v2\/product\/25432","targetHints":{"allow":["GET"]}}],"collection":[{"href":"https:\/\/arxisdemexico.com.mx\/arxis\/wp-json\/wp\/v2\/product"}],"about":[{"href":"https:\/\/arxisdemexico.com.mx\/arxis\/wp-json\/wp\/v2\/types\/product"}],"replies":[{"embeddable":true,"href":"https:\/\/arxisdemexico.com.mx\/arxis\/wp-json\/wp\/v2\/comments?post=25432"}],"wp:featuredmedia":[{"embeddable":true,"href":"https:\/\/arxisdemexico.com.mx\/arxis\/wp-json\/wp\/v2\/media\/25440"}],"wp:attachment":[{"href":"https:\/\/arxisdemexico.com.mx\/arxis\/wp-json\/wp\/v2\/media?parent=25432"}],"wp:term":[{"taxonomy":"product_brand","embeddable":true,"href":"https:\/\/arxisdemexico.com.mx\/arxis\/wp-json\/wp\/v2\/product_brand?post=25432"},{"taxonomy":"product_cat","embeddable":true,"href":"https:\/\/arxisdemexico.com.mx\/arxis\/wp-json\/wp\/v2\/product_cat?post=25432"},{"taxonomy":"product_tag","embeddable":true,"href":"https:\/\/arxisdemexico.com.mx\/arxis\/wp-json\/wp\/v2\/product_tag?post=25432"}],"curies":[{"name":"wp","href":"https:\/\/api.w.org\/{rel}","templated":true}]}}