{"id":25427,"date":"2018-03-08T10:55:26","date_gmt":"2018-03-08T16:55:26","guid":{"rendered":"http:\/\/www.arxisdemexico.com.mx\/arxis\/?post_type=product&#038;p=25427"},"modified":"2018-09-19T14:44:03","modified_gmt":"2018-09-19T19:44:03","slug":"tarjeta-de-4-troncales-analogicas-incluye-call-id-kx-ht82480x","status":"publish","type":"product","link":"https:\/\/arxisdemexico.com.mx\/arxis\/producto\/tarjeta-de-4-troncales-analogicas-incluye-call-id-kx-ht82480x\/","title":{"rendered":"Tarjeta de 4 troncales analogicas incluye Call ID KX-HT82480X"},"content":{"rendered":"<p>La KX-HT82480 es una tarjeta que se utiliza para ampliar la capacidad del Sistema en 4 l\u00edneas telef\u00f3nicas An\u00e1logas en las Centrales Telef\u00f3nicas KX-HTS32 (m\u00e1xima 1 por sistema).<\/p>\n<p>Caracter\u00edsticas Principales Incorpora de f\u00e1brica las facilidades de Identificaci\u00f3n de llamada (CID).<br \/>\nCada Sistema HTS32, permite un m\u00e1ximo de una tarjeta KX-HT82480 (LCOT4).<br \/>\nEs de f\u00e1cil instalaci\u00f3n.<\/p>\n","protected":false},"excerpt":{"rendered":"<p>La KX-HT82480 es una tarjeta que se utiliza para ampliar la capacidad del Sistema en 4 l\u00edneas telef\u00f3nicas An\u00e1logas en las Centrales Telef\u00f3nicas KX-HTS32 (m\u00e1xima 1 por sistema). Caracter\u00edsticas Principales [&hellip;]<\/p>\n","protected":false},"featured_media":25433,"comment_status":"open","ping_status":"closed","template":"","meta":{"_et_pb_use_builder":"","_et_pb_old_content":"","_et_gb_content_width":""},"product_brand":[],"product_cat":[767,768,770],"product_tag":[490],"class_list":{"0":"post-25427","1":"product","2":"type-product","3":"status-publish","4":"has-post-thumbnail","6":"product_cat-telefonia","7":"product_cat-accesorios-telefonia","8":"product_cat-conmutadores-pbx","9":"product_tag-panasonic","11":"first","12":"instock","13":"taxable","14":"shipping-taxable","15":"product-type-simple"},"_links":{"self":[{"href":"https:\/\/arxisdemexico.com.mx\/arxis\/wp-json\/wp\/v2\/product\/25427","targetHints":{"allow":["GET"]}}],"collection":[{"href":"https:\/\/arxisdemexico.com.mx\/arxis\/wp-json\/wp\/v2\/product"}],"about":[{"href":"https:\/\/arxisdemexico.com.mx\/arxis\/wp-json\/wp\/v2\/types\/product"}],"replies":[{"embeddable":true,"href":"https:\/\/arxisdemexico.com.mx\/arxis\/wp-json\/wp\/v2\/comments?post=25427"}],"wp:featuredmedia":[{"embeddable":true,"href":"https:\/\/arxisdemexico.com.mx\/arxis\/wp-json\/wp\/v2\/media\/25433"}],"wp:attachment":[{"href":"https:\/\/arxisdemexico.com.mx\/arxis\/wp-json\/wp\/v2\/media?parent=25427"}],"wp:term":[{"taxonomy":"product_brand","embeddable":true,"href":"https:\/\/arxisdemexico.com.mx\/arxis\/wp-json\/wp\/v2\/product_brand?post=25427"},{"taxonomy":"product_cat","embeddable":true,"href":"https:\/\/arxisdemexico.com.mx\/arxis\/wp-json\/wp\/v2\/product_cat?post=25427"},{"taxonomy":"product_tag","embeddable":true,"href":"https:\/\/arxisdemexico.com.mx\/arxis\/wp-json\/wp\/v2\/product_tag?post=25427"}],"curies":[{"name":"wp","href":"https:\/\/api.w.org\/{rel}","templated":true}]}}