{"id":25402,"date":"2018-03-08T10:28:54","date_gmt":"2018-03-08T16:28:54","guid":{"rendered":"http:\/\/www.arxisdemexico.com.mx\/arxis\/?post_type=product&#038;p=25402"},"modified":"2018-09-19T15:07:29","modified_gmt":"2018-09-19T20:07:29","slug":"kit-profesional-de-cobre","status":"publish","type":"product","link":"https:\/\/arxisdemexico.com.mx\/arxis\/producto\/kit-profesional-de-cobre\/","title":{"rendered":"KIT PROFESIONAL DE COBRE"},"content":{"rendered":"<p>El Kit m\u00e1s completo para realizar instalaciones de cableado estructurado en cualquier tipo de entorno, desde un hogar hasta oficinas e industrias. EL KIT CONTIENE: Rollo de Cable UTP CAT5e, probador de cable, 25 botas, 50 plugs, pinza para crimpar, tijeras para hilos de aramida, pinza cortadora de cable, peladores, pinza de corte, pinza de punta, pulsera antiest\u00e1tica, juego de llaves Allen, destornilladores, desarmador de puntas intercambiables, extensi\u00f3n de punta, juego de puntas y dados, cutter, ponchadora, flex\u00f3metro, base con espejo, succionador de soldadura, caut\u00edn y soldadura.<\/p>\n","protected":false},"excerpt":{"rendered":"<p>El Kit m\u00e1s completo para realizar instalaciones de cableado estructurado en cualquier tipo de entorno, desde un hogar hasta oficinas e industrias. EL KIT CONTIENE: Rollo de Cable UTP CAT5e, [&hellip;]<\/p>\n","protected":false},"featured_media":25404,"comment_status":"open","ping_status":"closed","template":"","meta":{"_et_pb_use_builder":"","_et_pb_old_content":"","_et_gb_content_width":""},"product_brand":[],"product_cat":[708,709,724],"product_tag":[515],"class_list":{"0":"post-25402","1":"product","2":"type-product","3":"status-publish","4":"has-post-thumbnail","6":"product_cat-infraestructura","7":"product_cat-cableado-estructurado","8":"product_cat-herramienta","9":"product_tag-optronics","11":"first","12":"instock","13":"taxable","14":"shipping-taxable","15":"product-type-simple"},"_links":{"self":[{"href":"https:\/\/arxisdemexico.com.mx\/arxis\/wp-json\/wp\/v2\/product\/25402","targetHints":{"allow":["GET"]}}],"collection":[{"href":"https:\/\/arxisdemexico.com.mx\/arxis\/wp-json\/wp\/v2\/product"}],"about":[{"href":"https:\/\/arxisdemexico.com.mx\/arxis\/wp-json\/wp\/v2\/types\/product"}],"replies":[{"embeddable":true,"href":"https:\/\/arxisdemexico.com.mx\/arxis\/wp-json\/wp\/v2\/comments?post=25402"}],"wp:featuredmedia":[{"embeddable":true,"href":"https:\/\/arxisdemexico.com.mx\/arxis\/wp-json\/wp\/v2\/media\/25404"}],"wp:attachment":[{"href":"https:\/\/arxisdemexico.com.mx\/arxis\/wp-json\/wp\/v2\/media?parent=25402"}],"wp:term":[{"taxonomy":"product_brand","embeddable":true,"href":"https:\/\/arxisdemexico.com.mx\/arxis\/wp-json\/wp\/v2\/product_brand?post=25402"},{"taxonomy":"product_cat","embeddable":true,"href":"https:\/\/arxisdemexico.com.mx\/arxis\/wp-json\/wp\/v2\/product_cat?post=25402"},{"taxonomy":"product_tag","embeddable":true,"href":"https:\/\/arxisdemexico.com.mx\/arxis\/wp-json\/wp\/v2\/product_tag?post=25402"}],"curies":[{"name":"wp","href":"https:\/\/api.w.org\/{rel}","templated":true}]}}