{"id":25397,"date":"2018-03-08T10:23:14","date_gmt":"2018-03-08T16:23:14","guid":{"rendered":"http:\/\/www.arxisdemexico.com.mx\/arxis\/?post_type=product&#038;p=25397"},"modified":"2018-09-19T15:08:23","modified_gmt":"2018-09-19T20:08:23","slug":"kit-para-instalacion-de-cableado-estructurado","status":"publish","type":"product","link":"https:\/\/arxisdemexico.com.mx\/arxis\/producto\/kit-para-instalacion-de-cableado-estructurado\/","title":{"rendered":"KIT PARA INSTALACI\u00d3N DE CABLEADO ESTRUCTURADO"},"content":{"rendered":"<p>El kit para instalaci\u00f3n de cableado UTP es ideal para integradores, ya que ocupa poco espacio. Este kit contiene herramientas especializadas para realizar instalaciones o mantenimientos de cableado estructurado, adem\u00e1s, con el probador de cable incluido en el Kit, podr\u00e1 verificar las conexiones del cableado. EL KIT CONTIENE: Ponchadora, crimpadora de dos posiciones, pelador de cable, cortador de cable, kit de comprobaci\u00f3n de cable y malet\u00edn de pl\u00e1stico<\/p>\n","protected":false},"excerpt":{"rendered":"<p>El kit para instalaci\u00f3n de cableado UTP es ideal para integradores, ya que ocupa poco espacio. Este kit contiene herramientas especializadas para realizar instalaciones o mantenimientos de cableado estructurado, adem\u00e1s, [&hellip;]<\/p>\n","protected":false},"featured_media":25399,"comment_status":"open","ping_status":"closed","template":"","meta":{"_et_pb_use_builder":"","_et_pb_old_content":"","_et_gb_content_width":""},"product_brand":[],"product_cat":[708,709,724],"product_tag":[515],"class_list":{"0":"post-25397","1":"product","2":"type-product","3":"status-publish","4":"has-post-thumbnail","6":"product_cat-infraestructura","7":"product_cat-cableado-estructurado","8":"product_cat-herramienta","9":"product_tag-optronics","11":"first","12":"instock","13":"taxable","14":"shipping-taxable","15":"product-type-simple"},"_links":{"self":[{"href":"https:\/\/arxisdemexico.com.mx\/arxis\/wp-json\/wp\/v2\/product\/25397","targetHints":{"allow":["GET"]}}],"collection":[{"href":"https:\/\/arxisdemexico.com.mx\/arxis\/wp-json\/wp\/v2\/product"}],"about":[{"href":"https:\/\/arxisdemexico.com.mx\/arxis\/wp-json\/wp\/v2\/types\/product"}],"replies":[{"embeddable":true,"href":"https:\/\/arxisdemexico.com.mx\/arxis\/wp-json\/wp\/v2\/comments?post=25397"}],"wp:featuredmedia":[{"embeddable":true,"href":"https:\/\/arxisdemexico.com.mx\/arxis\/wp-json\/wp\/v2\/media\/25399"}],"wp:attachment":[{"href":"https:\/\/arxisdemexico.com.mx\/arxis\/wp-json\/wp\/v2\/media?parent=25397"}],"wp:term":[{"taxonomy":"product_brand","embeddable":true,"href":"https:\/\/arxisdemexico.com.mx\/arxis\/wp-json\/wp\/v2\/product_brand?post=25397"},{"taxonomy":"product_cat","embeddable":true,"href":"https:\/\/arxisdemexico.com.mx\/arxis\/wp-json\/wp\/v2\/product_cat?post=25397"},{"taxonomy":"product_tag","embeddable":true,"href":"https:\/\/arxisdemexico.com.mx\/arxis\/wp-json\/wp\/v2\/product_tag?post=25397"}],"curies":[{"name":"wp","href":"https:\/\/api.w.org\/{rel}","templated":true}]}}