{"id":25377,"date":"2018-03-08T10:06:42","date_gmt":"2018-03-08T16:06:42","guid":{"rendered":"http:\/\/www.arxisdemexico.com.mx\/arxis\/?post_type=product&#038;p=25377"},"modified":"2018-09-19T15:15:31","modified_gmt":"2018-09-19T20:15:31","slug":"kit-economico-para-fibra-optica","status":"publish","type":"product","link":"https:\/\/arxisdemexico.com.mx\/arxis\/producto\/kit-economico-para-fibra-optica\/","title":{"rendered":"KIT ECON\u00d3MICO PARA FIBRA \u00d3PTICA"},"content":{"rendered":"<p>Crimpadora, pelador de precisi\u00f3n, cortador de carburo, disco de pulido ST, disco de pulido SC\/FC, pad de pulido, base de neopreno, cortadora de punta diagonal, 4 toallas h\u00famedas, lentes de seguridad, hisopos, lijas de pulido de 6 m, 1 m y 0.5 m, tijeras para hilos de aramida, 2 jeringas, microscopio 200x (incluye adaptador 2.5 mm), malet\u00edn, limpiador en l\u00edquido y kit ep\u00f3xico (resina y catalizador).<\/p>\n","protected":false},"excerpt":{"rendered":"<p>Crimpadora, pelador de precisi\u00f3n, cortador de carburo, disco de pulido ST, disco de pulido SC\/FC, pad de pulido, base de neopreno, cortadora de punta diagonal, 4 toallas h\u00famedas, lentes de [&hellip;]<\/p>\n","protected":false},"featured_media":25378,"comment_status":"open","ping_status":"closed","template":"","meta":{"_et_pb_use_builder":"","_et_pb_old_content":"","_et_gb_content_width":""},"product_brand":[],"product_cat":[659,724],"product_tag":[515],"class_list":{"0":"post-25377","1":"product","2":"type-product","3":"status-publish","4":"has-post-thumbnail","6":"product_cat-fibra-optica-cables","7":"product_cat-herramienta","8":"product_tag-optronics","10":"first","11":"instock","12":"taxable","13":"shipping-taxable","14":"product-type-simple"},"_links":{"self":[{"href":"https:\/\/arxisdemexico.com.mx\/arxis\/wp-json\/wp\/v2\/product\/25377","targetHints":{"allow":["GET"]}}],"collection":[{"href":"https:\/\/arxisdemexico.com.mx\/arxis\/wp-json\/wp\/v2\/product"}],"about":[{"href":"https:\/\/arxisdemexico.com.mx\/arxis\/wp-json\/wp\/v2\/types\/product"}],"replies":[{"embeddable":true,"href":"https:\/\/arxisdemexico.com.mx\/arxis\/wp-json\/wp\/v2\/comments?post=25377"}],"wp:featuredmedia":[{"embeddable":true,"href":"https:\/\/arxisdemexico.com.mx\/arxis\/wp-json\/wp\/v2\/media\/25378"}],"wp:attachment":[{"href":"https:\/\/arxisdemexico.com.mx\/arxis\/wp-json\/wp\/v2\/media?parent=25377"}],"wp:term":[{"taxonomy":"product_brand","embeddable":true,"href":"https:\/\/arxisdemexico.com.mx\/arxis\/wp-json\/wp\/v2\/product_brand?post=25377"},{"taxonomy":"product_cat","embeddable":true,"href":"https:\/\/arxisdemexico.com.mx\/arxis\/wp-json\/wp\/v2\/product_cat?post=25377"},{"taxonomy":"product_tag","embeddable":true,"href":"https:\/\/arxisdemexico.com.mx\/arxis\/wp-json\/wp\/v2\/product_tag?post=25377"}],"curies":[{"name":"wp","href":"https:\/\/api.w.org\/{rel}","templated":true}]}}