{"id":25313,"date":"2018-03-07T15:35:05","date_gmt":"2018-03-07T21:35:05","guid":{"rendered":"http:\/\/www.arxisdemexico.com.mx\/arxis\/?post_type=product&#038;p=25313"},"modified":"2018-09-19T17:26:05","modified_gmt":"2018-09-19T22:26:05","slug":"telefono-3-lineas-lcd-cid-blanco-unilinea-kx-t7716","status":"publish","type":"product","link":"https:\/\/arxisdemexico.com.mx\/arxis\/producto\/telefono-3-lineas-lcd-cid-blanco-unilinea-kx-t7716\/","title":{"rendered":"Tel\u00e9fono 3 lineas LCD, CID Blanco (Unil\u00ednea) KX-T7716"},"content":{"rendered":"<h2>Caracter\u00edsticas principales<\/h2>\n<ul>\n<li>Manos Libres<\/li>\n<li>Identificaci\u00f3n de llamadas<\/li>\n<li>10 teclas para marcado rapido<\/li>\n<li>Lista de los 50 \u00faltimos n\u00fameros (recibidos y perdidos) con fecha y hora.<\/li>\n<li>Agenda 50 registros<\/li>\n<li>Control electr\u00f3nico de volumen<\/li>\n<li>Teclas redial,pausa ,mute y flash<\/li>\n<li>Entrada para auricular<\/li>\n<li>Tono\/pulso<\/li>\n<li>Mesa \/pared<\/li>\n<li>3 niveles de timbre<\/li>\n<\/ul>\n","protected":false},"excerpt":{"rendered":"<p>Caracter\u00edsticas principales Manos Libres Identificaci\u00f3n de llamadas 10 teclas para marcado rapido Lista de los 50 \u00faltimos n\u00fameros (recibidos y perdidos) con fecha y hora. Agenda 50 registros Control electr\u00f3nico [&hellip;]<\/p>\n","protected":false},"featured_media":25317,"comment_status":"open","ping_status":"closed","template":"","meta":{"_et_pb_use_builder":"","_et_pb_old_content":"","_et_gb_content_width":""},"product_brand":[],"product_cat":[767,770],"product_tag":[490],"class_list":{"0":"post-25313","1":"product","2":"type-product","3":"status-publish","4":"has-post-thumbnail","6":"product_cat-telefonia","7":"product_cat-conmutadores-pbx","8":"product_tag-panasonic","10":"first","11":"instock","12":"taxable","13":"shipping-taxable","14":"product-type-simple"},"_links":{"self":[{"href":"https:\/\/arxisdemexico.com.mx\/arxis\/wp-json\/wp\/v2\/product\/25313","targetHints":{"allow":["GET"]}}],"collection":[{"href":"https:\/\/arxisdemexico.com.mx\/arxis\/wp-json\/wp\/v2\/product"}],"about":[{"href":"https:\/\/arxisdemexico.com.mx\/arxis\/wp-json\/wp\/v2\/types\/product"}],"replies":[{"embeddable":true,"href":"https:\/\/arxisdemexico.com.mx\/arxis\/wp-json\/wp\/v2\/comments?post=25313"}],"wp:featuredmedia":[{"embeddable":true,"href":"https:\/\/arxisdemexico.com.mx\/arxis\/wp-json\/wp\/v2\/media\/25317"}],"wp:attachment":[{"href":"https:\/\/arxisdemexico.com.mx\/arxis\/wp-json\/wp\/v2\/media?parent=25313"}],"wp:term":[{"taxonomy":"product_brand","embeddable":true,"href":"https:\/\/arxisdemexico.com.mx\/arxis\/wp-json\/wp\/v2\/product_brand?post=25313"},{"taxonomy":"product_cat","embeddable":true,"href":"https:\/\/arxisdemexico.com.mx\/arxis\/wp-json\/wp\/v2\/product_cat?post=25313"},{"taxonomy":"product_tag","embeddable":true,"href":"https:\/\/arxisdemexico.com.mx\/arxis\/wp-json\/wp\/v2\/product_tag?post=25313"}],"curies":[{"name":"wp","href":"https:\/\/api.w.org\/{rel}","templated":true}]}}