{"id":25240,"date":"2018-03-07T11:27:58","date_gmt":"2018-03-07T17:27:58","guid":{"rendered":"http:\/\/www.arxisdemexico.com.mx\/arxis\/?post_type=product&#038;p=25240"},"modified":"2018-10-24T11:59:19","modified_gmt":"2018-10-24T16:59:19","slug":"an-w2-control-de-acceso-y-asistencia-biometrico","status":"publish","type":"product","link":"https:\/\/arxisdemexico.com.mx\/arxis\/producto\/an-w2-control-de-acceso-y-asistencia-biometrico\/","title":{"rendered":"Control de acceso y asistencia biom\u00e9trico AN-W2"},"content":{"rendered":"<table border=\"0\" width=\"100%\" cellspacing=\"0\" cellpadding=\"0\">\n<tbody>\n<tr>\n<td rowspan=\"3\">Capacidad<\/td>\n<td>Usuario<\/td>\n<td>M\u00e1x. 3,000 usuarios<\/td>\n<\/tr>\n<tr>\n<td>Modelo<\/td>\n<td>M\u00e1x. 3,000 plantillas<\/td>\n<\/tr>\n<tr>\n<td>Iniciar sesi\u00f3n<\/td>\n<td>M\u00e1x. 100,000 Registros<\/td>\n<\/tr>\n<tr>\n<td rowspan=\"3\">Inferface<\/td>\n<td>Comm.<\/td>\n<td>TCP \/ IP, Mini USB, USB Host, RS485<\/td>\n<\/tr>\n<tr>\n<td>Rel\u00e9<\/td>\n<td>1 salida de rel\u00e9<\/td>\n<\/tr>\n<tr>\n<td>E \/ S<\/td>\n<td>Entrada \/ salida Wiegand, interruptor de puerta, sensor de puerta, alarma de manipulaci\u00f3n<\/td>\n<\/tr>\n<tr>\n<td rowspan=\"7\">Caracter\u00edstica<\/td>\n<td>Modo de identificaci\u00f3n<\/td>\n<td>Dedo, Contrase\u00f1a, Tarjeta (Opcional)<\/td>\n<\/tr>\n<tr>\n<td>Velocidad de verificaci\u00f3n<\/td>\n<td>&lt;0.5 segundos<\/td>\n<\/tr>\n<tr>\n<td>Pantalla de imagen de huellas digitales<\/td>\n<td>S\u00ed<\/td>\n<\/tr>\n<tr>\n<td>Estado autodefinido<\/td>\n<td>S\u00ed<\/td>\n<\/tr>\n<tr>\n<td>Servidor web<\/td>\n<td>Servidor web interno<\/td>\n<\/tr>\n<tr>\n<td>RFID<\/td>\n<td>Tarjeta EM \/ Mifare opcional<\/td>\n<\/tr>\n<tr>\n<td>Software<\/td>\n<td>Crosschex Cloud &amp; APP<\/td>\n<\/tr>\n<tr>\n<td rowspan=\"7\">Hardware<\/td>\n<td>UPC<\/td>\n<td>CPU industrial de alta velocidad<\/td>\n<\/tr>\n<tr>\n<td>Sensor<\/td>\n<td>Sensor \u00f3ptico AFOS (sensor activo t\u00e1ctil)<\/td>\n<\/tr>\n<tr>\n<td>Memoria<\/td>\n<td>512 MB<\/td>\n<\/tr>\n<tr>\n<td>LCD<\/td>\n<td>Pantalla en color de 2.8 \u00ab<\/td>\n<\/tr>\n<tr>\n<td>Dimensiones (WxHxD)<\/td>\n<td>83.9&#215;204.9x31mm (3.3&#215;8.06&#215;1.22 \u00ab)<\/td>\n<\/tr>\n<tr>\n<td>Temperatura<\/td>\n<td>-25 \u00b0 C a 60 \u00b0 C<\/td>\n<\/tr>\n<tr>\n<td>Poder<\/td>\n<td>DC 12V<\/td>\n<\/tr>\n<\/tbody>\n<\/table>\n","protected":false},"excerpt":{"rendered":"<p>Capacidad Usuario M\u00e1x. 3,000 usuarios Modelo M\u00e1x. 3,000 plantillas Iniciar sesi\u00f3n M\u00e1x. 100,000 Registros Inferface Comm. TCP \/ IP, Mini USB, USB Host, RS485 Rel\u00e9 1 salida de rel\u00e9 E [&hellip;]<\/p>\n","protected":false},"featured_media":25241,"comment_status":"open","ping_status":"closed","template":"","meta":{"_et_pb_use_builder":"","_et_pb_old_content":"","_et_gb_content_width":""},"product_brand":[],"product_cat":[593,800,639],"product_tag":[495],"class_list":{"0":"post-25240","1":"product","2":"type-product","3":"status-publish","4":"has-post-thumbnail","6":"product_cat-acceso-y-asistencia","7":"product_cat-lectoras","8":"product_cat-biometricos","9":"product_tag-anviz","11":"first","12":"instock","13":"taxable","14":"shipping-taxable","15":"product-type-simple"},"_links":{"self":[{"href":"https:\/\/arxisdemexico.com.mx\/arxis\/wp-json\/wp\/v2\/product\/25240","targetHints":{"allow":["GET"]}}],"collection":[{"href":"https:\/\/arxisdemexico.com.mx\/arxis\/wp-json\/wp\/v2\/product"}],"about":[{"href":"https:\/\/arxisdemexico.com.mx\/arxis\/wp-json\/wp\/v2\/types\/product"}],"replies":[{"embeddable":true,"href":"https:\/\/arxisdemexico.com.mx\/arxis\/wp-json\/wp\/v2\/comments?post=25240"}],"wp:featuredmedia":[{"embeddable":true,"href":"https:\/\/arxisdemexico.com.mx\/arxis\/wp-json\/wp\/v2\/media\/25241"}],"wp:attachment":[{"href":"https:\/\/arxisdemexico.com.mx\/arxis\/wp-json\/wp\/v2\/media?parent=25240"}],"wp:term":[{"taxonomy":"product_brand","embeddable":true,"href":"https:\/\/arxisdemexico.com.mx\/arxis\/wp-json\/wp\/v2\/product_brand?post=25240"},{"taxonomy":"product_cat","embeddable":true,"href":"https:\/\/arxisdemexico.com.mx\/arxis\/wp-json\/wp\/v2\/product_cat?post=25240"},{"taxonomy":"product_tag","embeddable":true,"href":"https:\/\/arxisdemexico.com.mx\/arxis\/wp-json\/wp\/v2\/product_tag?post=25240"}],"curies":[{"name":"wp","href":"https:\/\/api.w.org\/{rel}","templated":true}]}}