{"id":24986,"date":"2018-03-06T11:52:36","date_gmt":"2018-03-06T17:52:36","guid":{"rendered":"http:\/\/www.arxisdemexico.com.mx\/arxis\/?post_type=product&#038;p=24986"},"modified":"2018-09-21T13:40:07","modified_gmt":"2018-09-21T18:40:07","slug":"switch-controlador-administrable-ews7928p","status":"publish","type":"product","link":"https:\/\/arxisdemexico.com.mx\/arxis\/producto\/switch-controlador-administrable-ews7928p\/","title":{"rendered":"Switch Controlador Administrable EWS7928P"},"content":{"rendered":"<ul>\n<li>\u00a0Es un sistema de administraci\u00f3n centralizado al\u00e1mbrico \/ inal\u00e1mbrico asequible desarrollado espec\u00edficamente para empresas peque\u00f1as y medianas de nivel de entrada.\u00a0Este potente dispositivo puede ser implementado y operado f\u00e1cilmente por expertos no t\u00e9cnicos e instalado sin esfuerzo y r\u00e1pidamente.<\/li>\n<li class=\"product_item\">Administra y monitorea hasta 50 Wireless APs<\/li>\n<li class=\"product_item\">Caracter\u00edsticas integrales del interruptor L2<\/li>\n<li class=\"product_item\">24 puertos Gigabit con soporte IEEE802.3af \/ at PoE<\/li>\n<li class=\"product_item\">Punto de acceso Descubrimiento autom\u00e1tico y aprovisionamiento<\/li>\n<li class=\"product_item\">Gesti\u00f3n del cl\u00faster del punto de acceso<\/li>\n<li class=\"product_item\">Vista de topolog\u00eda \/ Vista de plano \/ Vista de mapa<\/li>\n<li class=\"product_item\">Diagn\u00f3stico AP inteligente y soluci\u00f3n de problemas<\/li>\n<li class=\"product_item\">Actualizaci\u00f3n centralizada de firmware a granel AP<\/li>\n<li class=\"product_item\">4 ranuras de enlace ascendente SFP para conectividad adicional<\/li>\n<li class=\"product_item\">Fuente de alimentaci\u00f3n interna con presupuesto PoE 185w<\/li>\n<\/ul>\n","protected":false},"excerpt":{"rendered":"<p>\u00a0Es un sistema de administraci\u00f3n centralizado al\u00e1mbrico \/ inal\u00e1mbrico asequible desarrollado espec\u00edficamente para empresas peque\u00f1as y medianas de nivel de entrada.\u00a0Este potente dispositivo puede ser implementado y operado f\u00e1cilmente por [&hellip;]<\/p>\n","protected":false},"featured_media":24993,"comment_status":"open","ping_status":"closed","template":"","meta":{"_et_pb_use_builder":"","_et_pb_old_content":"","_et_gb_content_width":""},"product_brand":[],"product_cat":[745,760,761],"product_tag":[501],"class_list":{"0":"post-24986","1":"product","2":"type-product","3":"status-publish","4":"has-post-thumbnail","6":"product_cat-redes-2","7":"product_cat-switches-redes-2","8":"product_cat-switches-switches-redes-2","9":"product_tag-engenius","11":"first","12":"instock","13":"taxable","14":"shipping-taxable","15":"product-type-simple"},"_links":{"self":[{"href":"https:\/\/arxisdemexico.com.mx\/arxis\/wp-json\/wp\/v2\/product\/24986","targetHints":{"allow":["GET"]}}],"collection":[{"href":"https:\/\/arxisdemexico.com.mx\/arxis\/wp-json\/wp\/v2\/product"}],"about":[{"href":"https:\/\/arxisdemexico.com.mx\/arxis\/wp-json\/wp\/v2\/types\/product"}],"replies":[{"embeddable":true,"href":"https:\/\/arxisdemexico.com.mx\/arxis\/wp-json\/wp\/v2\/comments?post=24986"}],"wp:featuredmedia":[{"embeddable":true,"href":"https:\/\/arxisdemexico.com.mx\/arxis\/wp-json\/wp\/v2\/media\/24993"}],"wp:attachment":[{"href":"https:\/\/arxisdemexico.com.mx\/arxis\/wp-json\/wp\/v2\/media?parent=24986"}],"wp:term":[{"taxonomy":"product_brand","embeddable":true,"href":"https:\/\/arxisdemexico.com.mx\/arxis\/wp-json\/wp\/v2\/product_brand?post=24986"},{"taxonomy":"product_cat","embeddable":true,"href":"https:\/\/arxisdemexico.com.mx\/arxis\/wp-json\/wp\/v2\/product_cat?post=24986"},{"taxonomy":"product_tag","embeddable":true,"href":"https:\/\/arxisdemexico.com.mx\/arxis\/wp-json\/wp\/v2\/product_tag?post=24986"}],"curies":[{"name":"wp","href":"https:\/\/api.w.org\/{rel}","templated":true}]}}