{"id":24956,"date":"2018-03-06T10:56:34","date_gmt":"2018-03-06T16:56:34","guid":{"rendered":"http:\/\/www.arxisdemexico.com.mx\/arxis\/?post_type=product&#038;p=24956"},"modified":"2018-09-24T16:38:17","modified_gmt":"2018-09-24T21:38:17","slug":"punto-de-acceso-ews360ap","status":"publish","type":"product","link":"https:\/\/arxisdemexico.com.mx\/arxis\/producto\/punto-de-acceso-ews360ap\/","title":{"rendered":"Punto de acceso EWS360AP"},"content":{"rendered":"<ul>\n<li>Velocidades de 11ac a 1.300 Mbps en 5 GHz; 450 Mbps en 2,4 GHz<\/li>\n<li>La banda de direcci\u00f3n cambia los clientes de banda dual a 5 GHz, mejorando la eficiencia de la red<\/li>\n<li>Alcance mejorado, cobertura de m\u00faltiples pisos con hasta 28 dBm de potencia de transmisi\u00f3n<\/li>\n<li>Conexi\u00f3n y alimentaci\u00f3n a trav\u00e9s del puerto PoE + Gigabit 802.3at para una implementaci\u00f3n de AP flexible<\/li>\n<\/ul>\n","protected":false},"excerpt":{"rendered":"<p>Velocidades de 11ac a 1.300 Mbps en 5 GHz; 450 Mbps en 2,4 GHz La banda de direcci\u00f3n cambia los clientes de banda dual a 5 GHz, mejorando la eficiencia [&hellip;]<\/p>\n","protected":false},"featured_media":24961,"comment_status":"open","ping_status":"closed","template":"","meta":{"_et_pb_use_builder":"","_et_pb_old_content":"","_et_gb_content_width":""},"product_brand":[],"product_cat":[745,755,756],"product_tag":[501],"class_list":{"0":"post-24956","1":"product","2":"type-product","3":"status-publish","4":"has-post-thumbnail","6":"product_cat-redes-2","7":"product_cat-ruteadores-y-aps","8":"product_cat-access-points-ruteadores-y-aps","9":"product_tag-engenius","11":"first","12":"instock","13":"taxable","14":"shipping-taxable","15":"product-type-simple"},"_links":{"self":[{"href":"https:\/\/arxisdemexico.com.mx\/arxis\/wp-json\/wp\/v2\/product\/24956","targetHints":{"allow":["GET"]}}],"collection":[{"href":"https:\/\/arxisdemexico.com.mx\/arxis\/wp-json\/wp\/v2\/product"}],"about":[{"href":"https:\/\/arxisdemexico.com.mx\/arxis\/wp-json\/wp\/v2\/types\/product"}],"replies":[{"embeddable":true,"href":"https:\/\/arxisdemexico.com.mx\/arxis\/wp-json\/wp\/v2\/comments?post=24956"}],"wp:featuredmedia":[{"embeddable":true,"href":"https:\/\/arxisdemexico.com.mx\/arxis\/wp-json\/wp\/v2\/media\/24961"}],"wp:attachment":[{"href":"https:\/\/arxisdemexico.com.mx\/arxis\/wp-json\/wp\/v2\/media?parent=24956"}],"wp:term":[{"taxonomy":"product_brand","embeddable":true,"href":"https:\/\/arxisdemexico.com.mx\/arxis\/wp-json\/wp\/v2\/product_brand?post=24956"},{"taxonomy":"product_cat","embeddable":true,"href":"https:\/\/arxisdemexico.com.mx\/arxis\/wp-json\/wp\/v2\/product_cat?post=24956"},{"taxonomy":"product_tag","embeddable":true,"href":"https:\/\/arxisdemexico.com.mx\/arxis\/wp-json\/wp\/v2\/product_tag?post=24956"}],"curies":[{"name":"wp","href":"https:\/\/api.w.org\/{rel}","templated":true}]}}