{"id":24947,"date":"2018-03-06T10:49:48","date_gmt":"2018-03-06T16:49:48","guid":{"rendered":"http:\/\/www.arxisdemexico.com.mx\/arxis\/?post_type=product&#038;p=24947"},"modified":"2018-09-24T14:38:05","modified_gmt":"2018-09-24T19:38:05","slug":"punto-de-acceso-ews310ap","status":"publish","type":"product","link":"https:\/\/arxisdemexico.com.mx\/arxis\/producto\/punto-de-acceso-ews310ap\/","title":{"rendered":"Punto de acceso EWS310AP"},"content":{"rendered":"<ul>\n<li>El EWS310AP proporciona conectividad concurrente de doble banda para grandes hogares y peque\u00f1as empresas. Funciona como un AP independiente o como parte de una soluci\u00f3n de gesti\u00f3n de red de Neutron.<\/li>\n<li>11n velocidades inal\u00e1mbricas a 300 Mbps en cada banda<\/li>\n<li>Cobertura de largo alcance de varios pisos con una potencia de transmisi\u00f3n de hasta 29 dBm<\/li>\n<li>Conecte y encienda a trav\u00e9s de puerto 802.3af \/ at PoE + Gigabit para opciones de implementaci\u00f3n flexibles<\/li>\n<li>El dise\u00f1o del techo se combina con la decoraci\u00f3n interior<\/li>\n<\/ul>\n","protected":false},"excerpt":{"rendered":"<p>El EWS310AP proporciona conectividad concurrente de doble banda para grandes hogares y peque\u00f1as empresas. Funciona como un AP independiente o como parte de una soluci\u00f3n de gesti\u00f3n de red de [&hellip;]<\/p>\n","protected":false},"featured_media":24948,"comment_status":"open","ping_status":"closed","template":"","meta":{"_et_pb_use_builder":"","_et_pb_old_content":"","_et_gb_content_width":""},"product_brand":[],"product_cat":[745,752,755,756],"product_tag":[501],"class_list":{"0":"post-24947","1":"product","2":"type-product","3":"status-publish","4":"has-post-thumbnail","6":"product_cat-redes-2","7":"product_cat-access-points","8":"product_cat-ruteadores-y-aps","9":"product_cat-access-points-ruteadores-y-aps","10":"product_tag-engenius","12":"first","13":"instock","14":"taxable","15":"shipping-taxable","16":"product-type-simple"},"_links":{"self":[{"href":"https:\/\/arxisdemexico.com.mx\/arxis\/wp-json\/wp\/v2\/product\/24947","targetHints":{"allow":["GET"]}}],"collection":[{"href":"https:\/\/arxisdemexico.com.mx\/arxis\/wp-json\/wp\/v2\/product"}],"about":[{"href":"https:\/\/arxisdemexico.com.mx\/arxis\/wp-json\/wp\/v2\/types\/product"}],"replies":[{"embeddable":true,"href":"https:\/\/arxisdemexico.com.mx\/arxis\/wp-json\/wp\/v2\/comments?post=24947"}],"wp:featuredmedia":[{"embeddable":true,"href":"https:\/\/arxisdemexico.com.mx\/arxis\/wp-json\/wp\/v2\/media\/24948"}],"wp:attachment":[{"href":"https:\/\/arxisdemexico.com.mx\/arxis\/wp-json\/wp\/v2\/media?parent=24947"}],"wp:term":[{"taxonomy":"product_brand","embeddable":true,"href":"https:\/\/arxisdemexico.com.mx\/arxis\/wp-json\/wp\/v2\/product_brand?post=24947"},{"taxonomy":"product_cat","embeddable":true,"href":"https:\/\/arxisdemexico.com.mx\/arxis\/wp-json\/wp\/v2\/product_cat?post=24947"},{"taxonomy":"product_tag","embeddable":true,"href":"https:\/\/arxisdemexico.com.mx\/arxis\/wp-json\/wp\/v2\/product_tag?post=24947"}],"curies":[{"name":"wp","href":"https:\/\/api.w.org\/{rel}","templated":true}]}}