{"id":24831,"date":"2018-03-03T12:21:58","date_gmt":"2018-03-03T18:21:58","guid":{"rendered":"http:\/\/www.arxisdemexico.com.mx\/arxis\/?post_type=product&#038;p=24831"},"modified":"2018-09-21T13:46:20","modified_gmt":"2018-09-21T18:46:20","slug":"kx-t7765x","status":"publish","type":"product","link":"https:\/\/arxisdemexico.com.mx\/arxis\/producto\/kx-t7765x\/","title":{"rendered":"Nuevo Frente de Portero KX-T7765X"},"content":{"rendered":"<p>El KX-T7765 \u00a0es un nuevo portero telef\u00f3nico con dise\u00f1o de gran calidad.<br \/>\nEs ideal para oficinas peque\u00f1as, domicilios, y oficinas en general, y hace un bonito juego con cualquier puerta. El KX-T7765 se conecta directamente a centrales PBX de Panasonic y permite a<br \/>\nlos usuarios hablar f\u00e1cilmente con los visitantes.<\/p>\n<p>Y los visitantes podr\u00e1n encontrar f\u00e1cilmente el bot\u00f3n de llamada gracias a un anillo luminoso, por lo que usted nunca perder\u00e1 una buena oportunidad de negocios.<\/p>\n","protected":false},"excerpt":{"rendered":"<p>El KX-T7765 \u00a0es un nuevo portero telef\u00f3nico con dise\u00f1o de gran calidad. Es ideal para oficinas peque\u00f1as, domicilios, y oficinas en general, y hace un bonito juego con cualquier puerta. [&hellip;]<\/p>\n","protected":false},"featured_media":24832,"comment_status":"open","ping_status":"closed","template":"","meta":{"_et_pb_use_builder":"","_et_pb_old_content":"","_et_gb_content_width":""},"product_brand":[],"product_cat":[593,594,602],"product_tag":[490],"class_list":{"0":"post-24831","1":"product","2":"type-product","3":"status-publish","4":"has-post-thumbnail","6":"product_cat-acceso-y-asistencia","7":"product_cat-videoporteros","8":"product_cat-accesorios-videoporteros","9":"product_tag-panasonic","11":"first","12":"instock","13":"taxable","14":"shipping-taxable","15":"product-type-simple"},"_links":{"self":[{"href":"https:\/\/arxisdemexico.com.mx\/arxis\/wp-json\/wp\/v2\/product\/24831","targetHints":{"allow":["GET"]}}],"collection":[{"href":"https:\/\/arxisdemexico.com.mx\/arxis\/wp-json\/wp\/v2\/product"}],"about":[{"href":"https:\/\/arxisdemexico.com.mx\/arxis\/wp-json\/wp\/v2\/types\/product"}],"replies":[{"embeddable":true,"href":"https:\/\/arxisdemexico.com.mx\/arxis\/wp-json\/wp\/v2\/comments?post=24831"}],"wp:featuredmedia":[{"embeddable":true,"href":"https:\/\/arxisdemexico.com.mx\/arxis\/wp-json\/wp\/v2\/media\/24832"}],"wp:attachment":[{"href":"https:\/\/arxisdemexico.com.mx\/arxis\/wp-json\/wp\/v2\/media?parent=24831"}],"wp:term":[{"taxonomy":"product_brand","embeddable":true,"href":"https:\/\/arxisdemexico.com.mx\/arxis\/wp-json\/wp\/v2\/product_brand?post=24831"},{"taxonomy":"product_cat","embeddable":true,"href":"https:\/\/arxisdemexico.com.mx\/arxis\/wp-json\/wp\/v2\/product_cat?post=24831"},{"taxonomy":"product_tag","embeddable":true,"href":"https:\/\/arxisdemexico.com.mx\/arxis\/wp-json\/wp\/v2\/product_tag?post=24831"}],"curies":[{"name":"wp","href":"https:\/\/api.w.org\/{rel}","templated":true}]}}