{"id":24829,"date":"2018-03-03T12:18:37","date_gmt":"2018-03-03T18:18:37","guid":{"rendered":"http:\/\/www.arxisdemexico.com.mx\/arxis\/?post_type=product&#038;p=24829"},"modified":"2018-09-21T13:46:35","modified_gmt":"2018-09-21T18:46:35","slug":"kx-t30865","status":"publish","type":"product","link":"https:\/\/arxisdemexico.com.mx\/arxis\/producto\/kx-t30865\/","title":{"rendered":"Frente de portero  KX-T30865"},"content":{"rendered":"<p>Funci\u00f3n de interfono con un solo toque<\/p>\n<ul>\n<li>No ocupa extensi\u00f3n telef\u00f3nica<\/li>\n<li>2 V\u00edas de comunicaci\u00f3n.<\/li>\n<li>Compatibles con Centrales Telef\u00f3nicas de las series: KX-TA, KX-TD, KX-TE, KX-TDA, KX-TDE y KX-NCP de Panasonic.<\/li>\n<li>Instalaci\u00f3n en Superficie Plana\/Pared.<\/li>\n<li>Requiere del uso de una tarjeta de Portero Autom\u00e1tico.<\/li>\n<\/ul>\n<p><strong>Portero Electr\u00f3nico KX-T30865 para Exterior<\/strong><\/p>\n<p>Cuando un visitante llega a tu casa, negocio u oficina puede anunciarse por medio de un portero electr\u00f3nico, el cual timbra en las extensiones de tu Central Telef\u00f3nica y al conectarse a una chapa el\u00e9ctrica puede abrir la puerta con tan solo presionar una tecla desde el tel\u00e9fono.<\/p>\n","protected":false},"excerpt":{"rendered":"<p>Funci\u00f3n de interfono con un solo toque No ocupa extensi\u00f3n telef\u00f3nica 2 V\u00edas de comunicaci\u00f3n. Compatibles con Centrales Telef\u00f3nicas de las series: KX-TA, KX-TD, KX-TE, KX-TDA, KX-TDE y KX-NCP de [&hellip;]<\/p>\n","protected":false},"featured_media":24830,"comment_status":"open","ping_status":"closed","template":"","meta":{"_et_pb_use_builder":"","_et_pb_old_content":"","_et_gb_content_width":""},"product_brand":[],"product_cat":[593,594,602],"product_tag":[490],"class_list":{"0":"post-24829","1":"product","2":"type-product","3":"status-publish","4":"has-post-thumbnail","6":"product_cat-acceso-y-asistencia","7":"product_cat-videoporteros","8":"product_cat-accesorios-videoporteros","9":"product_tag-panasonic","11":"first","12":"instock","13":"taxable","14":"shipping-taxable","15":"product-type-simple"},"_links":{"self":[{"href":"https:\/\/arxisdemexico.com.mx\/arxis\/wp-json\/wp\/v2\/product\/24829","targetHints":{"allow":["GET"]}}],"collection":[{"href":"https:\/\/arxisdemexico.com.mx\/arxis\/wp-json\/wp\/v2\/product"}],"about":[{"href":"https:\/\/arxisdemexico.com.mx\/arxis\/wp-json\/wp\/v2\/types\/product"}],"replies":[{"embeddable":true,"href":"https:\/\/arxisdemexico.com.mx\/arxis\/wp-json\/wp\/v2\/comments?post=24829"}],"wp:featuredmedia":[{"embeddable":true,"href":"https:\/\/arxisdemexico.com.mx\/arxis\/wp-json\/wp\/v2\/media\/24830"}],"wp:attachment":[{"href":"https:\/\/arxisdemexico.com.mx\/arxis\/wp-json\/wp\/v2\/media?parent=24829"}],"wp:term":[{"taxonomy":"product_brand","embeddable":true,"href":"https:\/\/arxisdemexico.com.mx\/arxis\/wp-json\/wp\/v2\/product_brand?post=24829"},{"taxonomy":"product_cat","embeddable":true,"href":"https:\/\/arxisdemexico.com.mx\/arxis\/wp-json\/wp\/v2\/product_cat?post=24829"},{"taxonomy":"product_tag","embeddable":true,"href":"https:\/\/arxisdemexico.com.mx\/arxis\/wp-json\/wp\/v2\/product_tag?post=24829"}],"curies":[{"name":"wp","href":"https:\/\/api.w.org\/{rel}","templated":true}]}}