{"id":24821,"date":"2018-03-03T11:19:17","date_gmt":"2018-03-03T17:19:17","guid":{"rendered":"http:\/\/www.arxisdemexico.com.mx\/arxis\/?post_type=product&#038;p=24821"},"modified":"2018-09-24T12:11:52","modified_gmt":"2018-09-24T17:11:52","slug":"punto-de-acceso-ews300ap","status":"publish","type":"product","link":"https:\/\/arxisdemexico.com.mx\/arxis\/producto\/punto-de-acceso-ews300ap\/","title":{"rendered":"Punto de acceso EWS300AP"},"content":{"rendered":"<ul>\n<li>Punto de acceso administrado de montaje en el techo para interiores de la serie Neutron<\/li>\n<li>Transferencias r\u00e1pidas de archivos y transmisi\u00f3n de video sin problemas con velocidades inal\u00e1mbricas de hasta 300Mbps<\/li>\n<li>El mejor precio para el rendimiento, asequible para grandes hogares y peque\u00f1as empresas<\/li>\n<li>Operar como AP aut\u00f3nomo o como parte de una soluci\u00f3n escalable de gesti\u00f3n de red distribuida<\/li>\n<li>Cobertura de largo alcance y pisos m\u00faltiples<\/li>\n<li>El AP de techo interior, bajo perfil, combina muy bien con la decoraci\u00f3n de la habitaci\u00f3n<\/li>\n<\/ul>\n","protected":false},"excerpt":{"rendered":"<p>Punto de acceso administrado de montaje en el techo para interiores de la serie Neutron Transferencias r\u00e1pidas de archivos y transmisi\u00f3n de video sin problemas con velocidades inal\u00e1mbricas de hasta [&hellip;]<\/p>\n","protected":false},"featured_media":24823,"comment_status":"open","ping_status":"closed","template":"","meta":{"_et_pb_use_builder":"","_et_pb_old_content":"","_et_gb_content_width":""},"product_brand":[],"product_cat":[745,750,752],"product_tag":[501],"class_list":{"0":"post-24821","1":"product","2":"type-product","3":"status-publish","4":"has-post-thumbnail","6":"product_cat-redes-2","7":"product_cat-enlaces","8":"product_cat-access-points","9":"product_tag-engenius","11":"first","12":"instock","13":"taxable","14":"shipping-taxable","15":"product-type-simple"},"_links":{"self":[{"href":"https:\/\/arxisdemexico.com.mx\/arxis\/wp-json\/wp\/v2\/product\/24821","targetHints":{"allow":["GET"]}}],"collection":[{"href":"https:\/\/arxisdemexico.com.mx\/arxis\/wp-json\/wp\/v2\/product"}],"about":[{"href":"https:\/\/arxisdemexico.com.mx\/arxis\/wp-json\/wp\/v2\/types\/product"}],"replies":[{"embeddable":true,"href":"https:\/\/arxisdemexico.com.mx\/arxis\/wp-json\/wp\/v2\/comments?post=24821"}],"wp:featuredmedia":[{"embeddable":true,"href":"https:\/\/arxisdemexico.com.mx\/arxis\/wp-json\/wp\/v2\/media\/24823"}],"wp:attachment":[{"href":"https:\/\/arxisdemexico.com.mx\/arxis\/wp-json\/wp\/v2\/media?parent=24821"}],"wp:term":[{"taxonomy":"product_brand","embeddable":true,"href":"https:\/\/arxisdemexico.com.mx\/arxis\/wp-json\/wp\/v2\/product_brand?post=24821"},{"taxonomy":"product_cat","embeddable":true,"href":"https:\/\/arxisdemexico.com.mx\/arxis\/wp-json\/wp\/v2\/product_cat?post=24821"},{"taxonomy":"product_tag","embeddable":true,"href":"https:\/\/arxisdemexico.com.mx\/arxis\/wp-json\/wp\/v2\/product_tag?post=24821"}],"curies":[{"name":"wp","href":"https:\/\/api.w.org\/{rel}","templated":true}]}}