{"id":24783,"date":"2018-03-02T17:59:30","date_gmt":"2018-03-02T23:59:30","guid":{"rendered":"http:\/\/www.arxisdemexico.com.mx\/arxis\/?post_type=product&#038;p=24783"},"modified":"2018-09-24T12:04:25","modified_gmt":"2018-09-24T17:04:25","slug":"access-point-direccional-enstationac","status":"publish","type":"product","link":"https:\/\/arxisdemexico.com.mx\/arxis\/producto\/access-point-direccional-enstationac\/","title":{"rendered":"Access Point Direccional EnStationAC"},"content":{"rendered":"<ul>\n<li>EnGenius Outdoor CPE est\u00e1 espec\u00edficamente dise\u00f1ado y dise\u00f1ado para la red a grandes distancias y para transferir datos pesados \u200b\u200ba velocidades inal\u00e1mbricas uniformes en una implementaci\u00f3n punto a punto o punto a multi punto<\/li>\n<li>Sus caracter\u00edsticas son:<\/li>\n<li>867Mbps (5GHz)<\/li>\n<li>Max.\u00a0Tx Potencia: 26dBm<\/li>\n<li>Antena interna del panel 19dBi 5GHz<\/li>\n<li>2 puertos LAN 10\/100\/1000<\/li>\n<li>48 V patentado, PoE 802.3at<\/li>\n<li>Dise\u00f1o a prueba de agua IP55<\/li>\n<li>Modo de operaci\u00f3n: CB \/ AP \/ WDS<\/li>\n<\/ul>\n","protected":false},"excerpt":{"rendered":"<p>EnGenius Outdoor CPE est\u00e1 espec\u00edficamente dise\u00f1ado y dise\u00f1ado para la red a grandes distancias y para transferir datos pesados \u200b\u200ba velocidades inal\u00e1mbricas uniformes en una implementaci\u00f3n punto a punto o [&hellip;]<\/p>\n","protected":false},"featured_media":24786,"comment_status":"open","ping_status":"closed","template":"","meta":{"_et_pb_use_builder":"","_et_pb_old_content":"","_et_gb_content_width":""},"product_brand":[],"product_cat":[745,750,752],"product_tag":[501],"class_list":{"0":"post-24783","1":"product","2":"type-product","3":"status-publish","4":"has-post-thumbnail","6":"product_cat-redes-2","7":"product_cat-enlaces","8":"product_cat-access-points","9":"product_tag-engenius","11":"first","12":"instock","13":"taxable","14":"shipping-taxable","15":"product-type-simple"},"_links":{"self":[{"href":"https:\/\/arxisdemexico.com.mx\/arxis\/wp-json\/wp\/v2\/product\/24783","targetHints":{"allow":["GET"]}}],"collection":[{"href":"https:\/\/arxisdemexico.com.mx\/arxis\/wp-json\/wp\/v2\/product"}],"about":[{"href":"https:\/\/arxisdemexico.com.mx\/arxis\/wp-json\/wp\/v2\/types\/product"}],"replies":[{"embeddable":true,"href":"https:\/\/arxisdemexico.com.mx\/arxis\/wp-json\/wp\/v2\/comments?post=24783"}],"wp:featuredmedia":[{"embeddable":true,"href":"https:\/\/arxisdemexico.com.mx\/arxis\/wp-json\/wp\/v2\/media\/24786"}],"wp:attachment":[{"href":"https:\/\/arxisdemexico.com.mx\/arxis\/wp-json\/wp\/v2\/media?parent=24783"}],"wp:term":[{"taxonomy":"product_brand","embeddable":true,"href":"https:\/\/arxisdemexico.com.mx\/arxis\/wp-json\/wp\/v2\/product_brand?post=24783"},{"taxonomy":"product_cat","embeddable":true,"href":"https:\/\/arxisdemexico.com.mx\/arxis\/wp-json\/wp\/v2\/product_cat?post=24783"},{"taxonomy":"product_tag","embeddable":true,"href":"https:\/\/arxisdemexico.com.mx\/arxis\/wp-json\/wp\/v2\/product_tag?post=24783"}],"curies":[{"name":"wp","href":"https:\/\/api.w.org\/{rel}","templated":true}]}}