{"id":24712,"date":"2018-03-02T16:55:18","date_gmt":"2018-03-02T22:55:18","guid":{"rendered":"http:\/\/www.arxisdemexico.com.mx\/arxis\/?post_type=product&#038;p=24712"},"modified":"2018-09-24T11:58:11","modified_gmt":"2018-09-24T16:58:11","slug":"access-point-enh202","status":"publish","type":"product","link":"https:\/\/arxisdemexico.com.mx\/arxis\/producto\/access-point-enh202\/","title":{"rendered":"ACCESS POINT ENH202"},"content":{"rendered":"<ul>\n<li>2Tx + 2Rx: 300Mbps<\/li>\n<li>Alto poder hasta 29dBm (La potencia m\u00e1xima puede ser diferente dependiendo de las regulaciones locales)<\/li>\n<li>Integrar la antena de polarizaci\u00f3n dual 10dBi<\/li>\n<li>Modo WISP espec\u00edfico (CB \/ CR \/ AP \/ WDS)<\/li>\n<li>Dise\u00f1o a prueba de agua IP55<\/li>\n<li>Soporte 24V Poe, bot\u00f3n de reinicio en el inyector PoE<\/li>\n<li>MSSID, SNMP, compatibilidad de banda estrecha, gesti\u00f3n del ancho de banda<\/li>\n<\/ul>\n","protected":false},"excerpt":{"rendered":"<p>2Tx + 2Rx: 300Mbps Alto poder hasta 29dBm (La potencia m\u00e1xima puede ser diferente dependiendo de las regulaciones locales) Integrar la antena de polarizaci\u00f3n dual 10dBi Modo WISP espec\u00edfico (CB [&hellip;]<\/p>\n","protected":false},"featured_media":24742,"comment_status":"open","ping_status":"closed","template":"","meta":{"_et_pb_use_builder":"","_et_pb_old_content":"","_et_gb_content_width":""},"product_brand":[],"product_cat":[745,750,752],"product_tag":[501],"class_list":{"0":"post-24712","1":"product","2":"type-product","3":"status-publish","4":"has-post-thumbnail","6":"product_cat-redes-2","7":"product_cat-enlaces","8":"product_cat-access-points","9":"product_tag-engenius","11":"first","12":"instock","13":"taxable","14":"shipping-taxable","15":"product-type-simple"},"_links":{"self":[{"href":"https:\/\/arxisdemexico.com.mx\/arxis\/wp-json\/wp\/v2\/product\/24712","targetHints":{"allow":["GET"]}}],"collection":[{"href":"https:\/\/arxisdemexico.com.mx\/arxis\/wp-json\/wp\/v2\/product"}],"about":[{"href":"https:\/\/arxisdemexico.com.mx\/arxis\/wp-json\/wp\/v2\/types\/product"}],"replies":[{"embeddable":true,"href":"https:\/\/arxisdemexico.com.mx\/arxis\/wp-json\/wp\/v2\/comments?post=24712"}],"wp:featuredmedia":[{"embeddable":true,"href":"https:\/\/arxisdemexico.com.mx\/arxis\/wp-json\/wp\/v2\/media\/24742"}],"wp:attachment":[{"href":"https:\/\/arxisdemexico.com.mx\/arxis\/wp-json\/wp\/v2\/media?parent=24712"}],"wp:term":[{"taxonomy":"product_brand","embeddable":true,"href":"https:\/\/arxisdemexico.com.mx\/arxis\/wp-json\/wp\/v2\/product_brand?post=24712"},{"taxonomy":"product_cat","embeddable":true,"href":"https:\/\/arxisdemexico.com.mx\/arxis\/wp-json\/wp\/v2\/product_cat?post=24712"},{"taxonomy":"product_tag","embeddable":true,"href":"https:\/\/arxisdemexico.com.mx\/arxis\/wp-json\/wp\/v2\/product_tag?post=24712"}],"curies":[{"name":"wp","href":"https:\/\/api.w.org\/{rel}","templated":true}]}}