{"id":24558,"date":"2018-03-02T10:53:35","date_gmt":"2018-03-02T16:53:35","guid":{"rendered":"http:\/\/www.arxisdemexico.com.mx\/arxis\/?post_type=product&#038;p=24558"},"modified":"2018-09-24T11:10:37","modified_gmt":"2018-09-24T16:10:37","slug":"teclado-lcd-para-central-de-alarma-monitoreada-xat-2000-lcd","status":"publish","type":"product","link":"https:\/\/arxisdemexico.com.mx\/arxis\/producto\/teclado-lcd-para-central-de-alarma-monitoreada-xat-2000-lcd\/","title":{"rendered":"Teclado LCD para central de alarma monitoreada XAT 2000 LCD"},"content":{"rendered":"<p>Teclado LCD para central de alarma monitoreada<br \/>\n2 zonas en el teclado<br \/>\nPantalla LCD<br \/>\nNombre de los usuarios y zonas personalizables<br \/>\n\u00bb\u00bb Visualizaci\u00f3n de problemas<br \/>\n\u00bb\u00bb Comunicaci\u00f3n por barramiento<br \/>\n\u00bb\u00bb Visualizaci\u00f3n de fecha y hora<br \/>\n\u00bb\u00bb Simplifica la programaci\u00f3n de la central de alarma<br \/>\n\u00bb\u00bb Protecci\u00f3n contra violaci\u00f3n (tamper)<br \/>\n\u00bb\u00bb Funci\u00f3n P\u00e1nico, P\u00e1nico m\u00e9dico e Incendio<br \/>\n\u00bb\u00bb Se\u00f1alizaci\u00f3n del estatus de las particiones<br \/>\n\u00bb\u00bb Visualizaci\u00f3n de mensaje de texto<br \/>\n\u00bb\u00bb Visualizaci\u00f3n del nivel de bater\u00eda de la central<br \/>\n\u00bb\u00bb Visualizaci\u00f3n de las zonas<br \/>\n\u00bb\u00bb Se\u00f1alizaci\u00f3n sonora durante operaci\u00f3n<br \/>\n\u00bb\u00bb Tapa para protecci\u00f3n contra accionamiento accidental de las teclas<br \/>\n\u00bb\u00bb F\u00e1cil operaci\u00f3n<\/p>\n","protected":false},"excerpt":{"rendered":"<p>Teclado LCD para central de alarma monitoreada 2 zonas en el teclado Pantalla LCD Nombre de los usuarios y zonas personalizables \u00bb\u00bb Visualizaci\u00f3n de problemas \u00bb\u00bb Comunicaci\u00f3n por barramiento \u00bb\u00bb [&hellip;]<\/p>\n","protected":false},"featured_media":24559,"comment_status":"open","ping_status":"closed","template":"","meta":{"_et_pb_use_builder":"","_et_pb_old_content":"","_et_gb_content_width":""},"product_brand":[],"product_cat":[677,685],"product_tag":[491],"class_list":{"0":"post-24558","1":"product","2":"type-product","3":"status-publish","4":"has-post-thumbnail","6":"product_cat-intrusion","7":"product_cat-alarma","8":"product_tag-intelbras","10":"first","11":"instock","12":"taxable","13":"shipping-taxable","14":"product-type-simple"},"_links":{"self":[{"href":"https:\/\/arxisdemexico.com.mx\/arxis\/wp-json\/wp\/v2\/product\/24558","targetHints":{"allow":["GET"]}}],"collection":[{"href":"https:\/\/arxisdemexico.com.mx\/arxis\/wp-json\/wp\/v2\/product"}],"about":[{"href":"https:\/\/arxisdemexico.com.mx\/arxis\/wp-json\/wp\/v2\/types\/product"}],"replies":[{"embeddable":true,"href":"https:\/\/arxisdemexico.com.mx\/arxis\/wp-json\/wp\/v2\/comments?post=24558"}],"wp:featuredmedia":[{"embeddable":true,"href":"https:\/\/arxisdemexico.com.mx\/arxis\/wp-json\/wp\/v2\/media\/24559"}],"wp:attachment":[{"href":"https:\/\/arxisdemexico.com.mx\/arxis\/wp-json\/wp\/v2\/media?parent=24558"}],"wp:term":[{"taxonomy":"product_brand","embeddable":true,"href":"https:\/\/arxisdemexico.com.mx\/arxis\/wp-json\/wp\/v2\/product_brand?post=24558"},{"taxonomy":"product_cat","embeddable":true,"href":"https:\/\/arxisdemexico.com.mx\/arxis\/wp-json\/wp\/v2\/product_cat?post=24558"},{"taxonomy":"product_tag","embeddable":true,"href":"https:\/\/arxisdemexico.com.mx\/arxis\/wp-json\/wp\/v2\/product_tag?post=24558"}],"curies":[{"name":"wp","href":"https:\/\/api.w.org\/{rel}","templated":true}]}}