{"id":24434,"date":"2018-03-01T14:23:31","date_gmt":"2018-03-01T20:23:31","guid":{"rendered":"http:\/\/www.arxisdemexico.com.mx\/arxis\/?post_type=product&#038;p=24434"},"modified":"2018-09-24T10:25:43","modified_gmt":"2018-09-24T15:25:43","slug":"access-point-eap1200h","status":"publish","type":"product","link":"https:\/\/arxisdemexico.com.mx\/arxis\/producto\/access-point-eap1200h\/","title":{"rendered":"Access Point EAP1200H"},"content":{"rendered":"<ul>\n<li>Velocidades de 11ac de doble banda a 866 Mbps en 5 GHz; A 300 Mbps en 2,4 GHz;<\/li>\n<li>La potencia de transmisi\u00f3n de 26 dBm aumenta el rendimiento inal\u00e1mbrico<\/li>\n<li>La antena interna de 5 dBi minimiza la interferencia para mejorar la fiabilidad<\/li>\n<li>El puerto PoE compatible con 802.3at ampl\u00eda la implementaci\u00f3n y las opciones de energ\u00eda<\/li>\n<\/ul>\n","protected":false},"excerpt":{"rendered":"<p>Velocidades de 11ac de doble banda a 866 Mbps en 5 GHz; A 300 Mbps en 2,4 GHz; La potencia de transmisi\u00f3n de 26 dBm aumenta el rendimiento inal\u00e1mbrico La [&hellip;]<\/p>\n","protected":false},"featured_media":24442,"comment_status":"open","ping_status":"closed","template":"","meta":{"_et_pb_use_builder":"","_et_pb_old_content":"","_et_gb_content_width":""},"product_brand":[],"product_cat":[745,750,752],"product_tag":[501],"class_list":{"0":"post-24434","1":"product","2":"type-product","3":"status-publish","4":"has-post-thumbnail","6":"product_cat-redes-2","7":"product_cat-enlaces","8":"product_cat-access-points","9":"product_tag-engenius","11":"first","12":"instock","13":"taxable","14":"shipping-taxable","15":"product-type-simple"},"_links":{"self":[{"href":"https:\/\/arxisdemexico.com.mx\/arxis\/wp-json\/wp\/v2\/product\/24434","targetHints":{"allow":["GET"]}}],"collection":[{"href":"https:\/\/arxisdemexico.com.mx\/arxis\/wp-json\/wp\/v2\/product"}],"about":[{"href":"https:\/\/arxisdemexico.com.mx\/arxis\/wp-json\/wp\/v2\/types\/product"}],"replies":[{"embeddable":true,"href":"https:\/\/arxisdemexico.com.mx\/arxis\/wp-json\/wp\/v2\/comments?post=24434"}],"wp:featuredmedia":[{"embeddable":true,"href":"https:\/\/arxisdemexico.com.mx\/arxis\/wp-json\/wp\/v2\/media\/24442"}],"wp:attachment":[{"href":"https:\/\/arxisdemexico.com.mx\/arxis\/wp-json\/wp\/v2\/media?parent=24434"}],"wp:term":[{"taxonomy":"product_brand","embeddable":true,"href":"https:\/\/arxisdemexico.com.mx\/arxis\/wp-json\/wp\/v2\/product_brand?post=24434"},{"taxonomy":"product_cat","embeddable":true,"href":"https:\/\/arxisdemexico.com.mx\/arxis\/wp-json\/wp\/v2\/product_cat?post=24434"},{"taxonomy":"product_tag","embeddable":true,"href":"https:\/\/arxisdemexico.com.mx\/arxis\/wp-json\/wp\/v2\/product_tag?post=24434"}],"curies":[{"name":"wp","href":"https:\/\/api.w.org\/{rel}","templated":true}]}}