{"id":24379,"date":"2018-03-01T11:33:09","date_gmt":"2018-03-01T17:33:09","guid":{"rendered":"http:\/\/www.arxisdemexico.com.mx\/arxis\/?post_type=product&#038;p=24379"},"modified":"2018-09-22T13:53:08","modified_gmt":"2018-09-22T18:53:08","slug":"switch-tl-sg1008p","status":"publish","type":"product","link":"https:\/\/arxisdemexico.com.mx\/arxis\/producto\/switch-tl-sg1008p\/","title":{"rendered":"Switch TL-SG1008P"},"content":{"rendered":"<ul>\n<li>Tiene 8\u00a0puertos RJ45 a 10\/100\/1000Mbps<\/li>\n<li>Sus 4 puertos PoE transportan datos y alimentaci\u00f3n sobre un \u00fanico cable<\/li>\n<li>Al trabajar con dispositivos compatibles con IEEE 802.3af, ampl\u00eda las redes dom\u00e9sticas o de oficina<\/li>\n<li>Soporta PoE hasta 15,4W por cada puerto<\/li>\n<li>Soporta PoE m\u00e1ximo de 55W para\u00a0todos los puertos<\/li>\n<\/ul>\n","protected":false},"excerpt":{"rendered":"<p>Tiene 8\u00a0puertos RJ45 a 10\/100\/1000Mbps Sus 4 puertos PoE transportan datos y alimentaci\u00f3n sobre un \u00fanico cable Al trabajar con dispositivos compatibles con IEEE 802.3af, ampl\u00eda las redes dom\u00e9sticas o [&hellip;]<\/p>\n","protected":false},"featured_media":24384,"comment_status":"open","ping_status":"closed","template":"","meta":{"_et_pb_use_builder":"","_et_pb_old_content":"","_et_gb_content_width":""},"product_brand":[],"product_cat":[745,760,761],"product_tag":[487],"class_list":{"0":"post-24379","1":"product","2":"type-product","3":"status-publish","4":"has-post-thumbnail","6":"product_cat-redes-2","7":"product_cat-switches-redes-2","8":"product_cat-switches-switches-redes-2","9":"product_tag-tp-link","11":"first","12":"instock","13":"taxable","14":"shipping-taxable","15":"product-type-simple"},"_links":{"self":[{"href":"https:\/\/arxisdemexico.com.mx\/arxis\/wp-json\/wp\/v2\/product\/24379","targetHints":{"allow":["GET"]}}],"collection":[{"href":"https:\/\/arxisdemexico.com.mx\/arxis\/wp-json\/wp\/v2\/product"}],"about":[{"href":"https:\/\/arxisdemexico.com.mx\/arxis\/wp-json\/wp\/v2\/types\/product"}],"replies":[{"embeddable":true,"href":"https:\/\/arxisdemexico.com.mx\/arxis\/wp-json\/wp\/v2\/comments?post=24379"}],"wp:featuredmedia":[{"embeddable":true,"href":"https:\/\/arxisdemexico.com.mx\/arxis\/wp-json\/wp\/v2\/media\/24384"}],"wp:attachment":[{"href":"https:\/\/arxisdemexico.com.mx\/arxis\/wp-json\/wp\/v2\/media?parent=24379"}],"wp:term":[{"taxonomy":"product_brand","embeddable":true,"href":"https:\/\/arxisdemexico.com.mx\/arxis\/wp-json\/wp\/v2\/product_brand?post=24379"},{"taxonomy":"product_cat","embeddable":true,"href":"https:\/\/arxisdemexico.com.mx\/arxis\/wp-json\/wp\/v2\/product_cat?post=24379"},{"taxonomy":"product_tag","embeddable":true,"href":"https:\/\/arxisdemexico.com.mx\/arxis\/wp-json\/wp\/v2\/product_tag?post=24379"}],"curies":[{"name":"wp","href":"https:\/\/api.w.org\/{rel}","templated":true}]}}