{"id":24321,"date":"2018-02-28T18:34:27","date_gmt":"2018-03-01T00:34:27","guid":{"rendered":"http:\/\/www.arxisdemexico.com.mx\/arxis\/?post_type=product&#038;p=24321"},"modified":"2018-09-22T11:13:46","modified_gmt":"2018-09-22T16:13:46","slug":"central-de-alarma-monitoreada-con-18-zonas-8-8-2-alambricas-24-inalambricas-amt-2018-e","status":"publish","type":"product","link":"https:\/\/arxisdemexico.com.mx\/arxis\/producto\/central-de-alarma-monitoreada-con-18-zonas-8-8-2-alambricas-24-inalambricas-amt-2018-e\/","title":{"rendered":"Central de alarma monitoreada con 18 zonas (8 + 8 + 2 al\u00e1mbricas + 24 inal\u00e1mbricas) AMT 2018 E"},"content":{"rendered":"<p>Central de alarma monitoreada con 18 zonas\u00a0(8 + 8 + 2 al\u00e1mbricas + 24 inal\u00e1mbricas)<br \/>\nTeclado LCD incluido<br \/>\nComunicaci\u00f3n de datos v\u00eda tecnolog\u00eda Ethernet<br \/>\nOpci\u00f3n de configuraci\u00f3n remota v\u00eda TCP\/IP<\/p>\n","protected":false},"excerpt":{"rendered":"<p>Central de alarma monitoreada con 18 zonas\u00a0(8 + 8 + 2 al\u00e1mbricas + 24 inal\u00e1mbricas) Teclado LCD incluido Comunicaci\u00f3n de datos v\u00eda tecnolog\u00eda Ethernet Opci\u00f3n de configuraci\u00f3n remota v\u00eda TCP\/IP<\/p>\n","protected":false},"featured_media":24324,"comment_status":"open","ping_status":"closed","template":"","meta":{"_et_pb_use_builder":"","_et_pb_old_content":"","_et_gb_content_width":""},"product_brand":[],"product_cat":[677,685,686],"product_tag":[491],"class_list":{"0":"post-24321","1":"product","2":"type-product","3":"status-publish","4":"has-post-thumbnail","6":"product_cat-intrusion","7":"product_cat-alarma","8":"product_cat-panel","9":"product_tag-intelbras","11":"first","12":"instock","13":"taxable","14":"shipping-taxable","15":"product-type-simple"},"_links":{"self":[{"href":"https:\/\/arxisdemexico.com.mx\/arxis\/wp-json\/wp\/v2\/product\/24321","targetHints":{"allow":["GET"]}}],"collection":[{"href":"https:\/\/arxisdemexico.com.mx\/arxis\/wp-json\/wp\/v2\/product"}],"about":[{"href":"https:\/\/arxisdemexico.com.mx\/arxis\/wp-json\/wp\/v2\/types\/product"}],"replies":[{"embeddable":true,"href":"https:\/\/arxisdemexico.com.mx\/arxis\/wp-json\/wp\/v2\/comments?post=24321"}],"wp:featuredmedia":[{"embeddable":true,"href":"https:\/\/arxisdemexico.com.mx\/arxis\/wp-json\/wp\/v2\/media\/24324"}],"wp:attachment":[{"href":"https:\/\/arxisdemexico.com.mx\/arxis\/wp-json\/wp\/v2\/media?parent=24321"}],"wp:term":[{"taxonomy":"product_brand","embeddable":true,"href":"https:\/\/arxisdemexico.com.mx\/arxis\/wp-json\/wp\/v2\/product_brand?post=24321"},{"taxonomy":"product_cat","embeddable":true,"href":"https:\/\/arxisdemexico.com.mx\/arxis\/wp-json\/wp\/v2\/product_cat?post=24321"},{"taxonomy":"product_tag","embeddable":true,"href":"https:\/\/arxisdemexico.com.mx\/arxis\/wp-json\/wp\/v2\/product_tag?post=24321"}],"curies":[{"name":"wp","href":"https:\/\/api.w.org\/{rel}","templated":true}]}}