{"id":24222,"date":"2018-02-28T17:12:45","date_gmt":"2018-02-28T23:12:45","guid":{"rendered":"http:\/\/www.arxisdemexico.com.mx\/arxis\/?post_type=product&#038;p=24222"},"modified":"2019-02-01T13:03:42","modified_gmt":"2019-02-01T19:03:42","slug":"minicolumna-en-color-blanco","status":"publish","type":"product","link":"https:\/\/arxisdemexico.com.mx\/arxis\/producto\/minicolumna-en-color-blanco\/","title":{"rendered":"MINICOLUMNA EN COLOR BLANCO"},"content":{"rendered":"<p>Sistema modular que concentra, distribuye y\u00a0ordena los cables de conducci\u00f3n de energ\u00eda el\u00e9ctrica alterna\u00a0y regulada, as\u00ed como los telef\u00f3nicos para voz y la red a\u00a0internet de datos, en una columna de dise\u00f1o vertical.<\/p>\n<ul>\n<li>Para su uso en interiores<\/li>\n<li>Colocaci\u00f3n f\u00e1cil y sencilla con ensambles a presi\u00f3n y torniller\u00eda. Incluye instructivo de ensamble y colocaci\u00f3n<\/li>\n<li>Alta rigidez diel\u00e9ctrica<\/li>\n<\/ul>\n","protected":false},"excerpt":{"rendered":"<p>Sistema modular que concentra, distribuye y\u00a0ordena los cables de conducci\u00f3n de energ\u00eda el\u00e9ctrica alterna\u00a0y regulada, as\u00ed como los telef\u00f3nicos para voz y la red a\u00a0internet de datos, en una columna [&hellip;]<\/p>\n","protected":false},"featured_media":24224,"comment_status":"open","ping_status":"closed","template":"","meta":{"_et_pb_use_builder":"","_et_pb_old_content":"","_et_gb_content_width":""},"product_brand":[],"product_cat":[708,716,717],"product_tag":[499],"class_list":{"0":"post-24222","1":"product","2":"type-product","3":"status-publish","4":"has-post-thumbnail","6":"product_cat-infraestructura","7":"product_cat-canalizacion","8":"product_cat-accesorios-canalizacion","9":"product_tag-thorsman","11":"first","12":"instock","13":"taxable","14":"shipping-taxable","15":"product-type-simple"},"_links":{"self":[{"href":"https:\/\/arxisdemexico.com.mx\/arxis\/wp-json\/wp\/v2\/product\/24222","targetHints":{"allow":["GET"]}}],"collection":[{"href":"https:\/\/arxisdemexico.com.mx\/arxis\/wp-json\/wp\/v2\/product"}],"about":[{"href":"https:\/\/arxisdemexico.com.mx\/arxis\/wp-json\/wp\/v2\/types\/product"}],"replies":[{"embeddable":true,"href":"https:\/\/arxisdemexico.com.mx\/arxis\/wp-json\/wp\/v2\/comments?post=24222"}],"wp:featuredmedia":[{"embeddable":true,"href":"https:\/\/arxisdemexico.com.mx\/arxis\/wp-json\/wp\/v2\/media\/24224"}],"wp:attachment":[{"href":"https:\/\/arxisdemexico.com.mx\/arxis\/wp-json\/wp\/v2\/media?parent=24222"}],"wp:term":[{"taxonomy":"product_brand","embeddable":true,"href":"https:\/\/arxisdemexico.com.mx\/arxis\/wp-json\/wp\/v2\/product_brand?post=24222"},{"taxonomy":"product_cat","embeddable":true,"href":"https:\/\/arxisdemexico.com.mx\/arxis\/wp-json\/wp\/v2\/product_cat?post=24222"},{"taxonomy":"product_tag","embeddable":true,"href":"https:\/\/arxisdemexico.com.mx\/arxis\/wp-json\/wp\/v2\/product_tag?post=24222"}],"curies":[{"name":"wp","href":"https:\/\/api.w.org\/{rel}","templated":true}]}}