{"id":24060,"date":"2018-02-28T13:20:56","date_gmt":"2018-02-28T19:20:56","guid":{"rendered":"http:\/\/www.arxisdemexico.com.mx\/arxis\/?post_type=product&#038;p=24060"},"modified":"2018-09-21T18:14:54","modified_gmt":"2018-09-21T23:14:54","slug":"switch-poe-tl-sf1008p-2","status":"publish","type":"product","link":"https:\/\/arxisdemexico.com.mx\/arxis\/producto\/switch-poe-tl-sf1008p-2\/","title":{"rendered":"Switch Poe TL-SF1008P"},"content":{"rendered":"<ul>\n<li>Soporte alimentaci\u00f3n PoE de hasta 15,4 W para cada puerto PoE<\/li>\n<li>Soporta alimentaci\u00f3n PoE de hasta 57 W para todos los puertos PoE<\/li>\n<li>Soporta dispositivos compatibles con el est\u00e1ndar PoE IEEE 802.3af<\/li>\n<li>Soporta control de flujo IEEE 802.3x en modo Full Duplex y Back-Pressure en modo Half Duplex<\/li>\n<li>Fuente externa de alimentaci\u00f3<\/li>\n<\/ul>\n","protected":false},"excerpt":{"rendered":"<p>Soporte alimentaci\u00f3n PoE de hasta 15,4 W para cada puerto PoE Soporta alimentaci\u00f3n PoE de hasta 57 W para todos los puertos PoE Soporta dispositivos compatibles con el est\u00e1ndar PoE [&hellip;]<\/p>\n","protected":false},"featured_media":24072,"comment_status":"open","ping_status":"closed","template":"","meta":{"_et_pb_use_builder":"","_et_pb_old_content":"","_et_gb_content_width":""},"product_brand":[],"product_cat":[745,760,762],"product_tag":[487],"class_list":{"0":"post-24060","1":"product","2":"type-product","3":"status-publish","4":"has-post-thumbnail","6":"product_cat-redes-2","7":"product_cat-switches-redes-2","8":"product_cat-switches-poe","9":"product_tag-tp-link","11":"first","12":"instock","13":"taxable","14":"shipping-taxable","15":"product-type-simple"},"_links":{"self":[{"href":"https:\/\/arxisdemexico.com.mx\/arxis\/wp-json\/wp\/v2\/product\/24060","targetHints":{"allow":["GET"]}}],"collection":[{"href":"https:\/\/arxisdemexico.com.mx\/arxis\/wp-json\/wp\/v2\/product"}],"about":[{"href":"https:\/\/arxisdemexico.com.mx\/arxis\/wp-json\/wp\/v2\/types\/product"}],"replies":[{"embeddable":true,"href":"https:\/\/arxisdemexico.com.mx\/arxis\/wp-json\/wp\/v2\/comments?post=24060"}],"wp:featuredmedia":[{"embeddable":true,"href":"https:\/\/arxisdemexico.com.mx\/arxis\/wp-json\/wp\/v2\/media\/24072"}],"wp:attachment":[{"href":"https:\/\/arxisdemexico.com.mx\/arxis\/wp-json\/wp\/v2\/media?parent=24060"}],"wp:term":[{"taxonomy":"product_brand","embeddable":true,"href":"https:\/\/arxisdemexico.com.mx\/arxis\/wp-json\/wp\/v2\/product_brand?post=24060"},{"taxonomy":"product_cat","embeddable":true,"href":"https:\/\/arxisdemexico.com.mx\/arxis\/wp-json\/wp\/v2\/product_cat?post=24060"},{"taxonomy":"product_tag","embeddable":true,"href":"https:\/\/arxisdemexico.com.mx\/arxis\/wp-json\/wp\/v2\/product_tag?post=24060"}],"curies":[{"name":"wp","href":"https:\/\/api.w.org\/{rel}","templated":true}]}}