{"id":24052,"date":"2018-02-28T13:07:03","date_gmt":"2018-02-28T19:07:03","guid":{"rendered":"http:\/\/www.arxisdemexico.com.mx\/arxis\/?post_type=product&#038;p=24052"},"modified":"2018-10-25T10:57:17","modified_gmt":"2018-10-25T15:57:17","slug":"fuente-de-alimentacion-para-electro-iman-fur-10","status":"publish","type":"product","link":"https:\/\/arxisdemexico.com.mx\/arxis\/producto\/fuente-de-alimentacion-para-electro-iman-fur-10\/","title":{"rendered":"Fuente de alimentaci\u00f3n para electro im\u00e1n FUR-10"},"content":{"rendered":"<p>Fuente de alimentaci\u00f3n para electro im\u00e1n.\u00a0 Incluye bater\u00eda de respaldo para m\u00e1s de 20 horas,\u00a0 gabinete para interior y tarjeta para conectar bater\u00eda de respaldo.\u00a0 Voltaje de salida 12 Vcd.<\/p>\n","protected":false},"excerpt":{"rendered":"<p>Fuente de alimentaci\u00f3n para electro im\u00e1n.\u00a0 Incluye bater\u00eda de respaldo para m\u00e1s de 20 horas,\u00a0 gabinete para interior y tarjeta para conectar bater\u00eda de respaldo.\u00a0 Voltaje de salida 12 Vcd.<\/p>\n","protected":false},"featured_media":24057,"comment_status":"open","ping_status":"closed","template":"","meta":{"_et_pb_use_builder":"","_et_pb_old_content":"","_et_gb_content_width":""},"product_brand":[],"product_cat":[593,630,633,636],"product_tag":[492],"class_list":{"0":"post-24052","1":"product","2":"type-product","3":"status-publish","4":"has-post-thumbnail","6":"product_cat-acceso-y-asistencia","7":"product_cat-cerraduras","8":"product_cat-cerraduras-electricas","9":"product_cat-electroimanes","10":"product_tag-intec","12":"first","13":"instock","14":"taxable","15":"shipping-taxable","16":"product-type-simple"},"_links":{"self":[{"href":"https:\/\/arxisdemexico.com.mx\/arxis\/wp-json\/wp\/v2\/product\/24052","targetHints":{"allow":["GET"]}}],"collection":[{"href":"https:\/\/arxisdemexico.com.mx\/arxis\/wp-json\/wp\/v2\/product"}],"about":[{"href":"https:\/\/arxisdemexico.com.mx\/arxis\/wp-json\/wp\/v2\/types\/product"}],"replies":[{"embeddable":true,"href":"https:\/\/arxisdemexico.com.mx\/arxis\/wp-json\/wp\/v2\/comments?post=24052"}],"wp:featuredmedia":[{"embeddable":true,"href":"https:\/\/arxisdemexico.com.mx\/arxis\/wp-json\/wp\/v2\/media\/24057"}],"wp:attachment":[{"href":"https:\/\/arxisdemexico.com.mx\/arxis\/wp-json\/wp\/v2\/media?parent=24052"}],"wp:term":[{"taxonomy":"product_brand","embeddable":true,"href":"https:\/\/arxisdemexico.com.mx\/arxis\/wp-json\/wp\/v2\/product_brand?post=24052"},{"taxonomy":"product_cat","embeddable":true,"href":"https:\/\/arxisdemexico.com.mx\/arxis\/wp-json\/wp\/v2\/product_cat?post=24052"},{"taxonomy":"product_tag","embeddable":true,"href":"https:\/\/arxisdemexico.com.mx\/arxis\/wp-json\/wp\/v2\/product_tag?post=24052"}],"curies":[{"name":"wp","href":"https:\/\/api.w.org\/{rel}","templated":true}]}}