{"id":23949,"date":"2018-02-28T10:07:40","date_gmt":"2018-02-28T16:07:40","guid":{"rendered":"http:\/\/www.arxisdemexico.com.mx\/arxis\/?post_type=product&#038;p=23949"},"modified":"2018-09-21T17:11:29","modified_gmt":"2018-09-21T22:11:29","slug":"access-point-tl-wa701nd","status":"publish","type":"product","link":"https:\/\/arxisdemexico.com.mx\/arxis\/producto\/access-point-tl-wa701nd\/","title":{"rendered":"ACCESS POINT TL-WA701ND"},"content":{"rendered":"<ul>\n<li>Velocidad inal\u00e1mbrica de hasta 150 Mbps, ideal para la transmisi\u00f3n de v\u00eddeo y juegos online<\/li>\n<li>Instalaci\u00f3n flexible: hasta 30 metros (100 pies) de distancia utilizando el inyector Power over Ethernet suministrado<\/li>\n<li>1 puerto RJ45 a 10\/100 Mbps con detecci\u00f3n autom\u00e1tica de velocidad (MDI\/MDIX autom\u00e1ticos, PoE)<\/li>\n<\/ul>\n","protected":false},"excerpt":{"rendered":"<p>Velocidad inal\u00e1mbrica de hasta 150 Mbps, ideal para la transmisi\u00f3n de v\u00eddeo y juegos online Instalaci\u00f3n flexible: hasta 30 metros (100 pies) de distancia utilizando el inyector Power over Ethernet [&hellip;]<\/p>\n","protected":false},"featured_media":23951,"comment_status":"open","ping_status":"closed","template":"","meta":{"_et_pb_use_builder":"","_et_pb_old_content":"","_et_gb_content_width":""},"product_brand":[],"product_cat":[745,755,756],"product_tag":[487],"class_list":{"0":"post-23949","1":"product","2":"type-product","3":"status-publish","4":"has-post-thumbnail","6":"product_cat-redes-2","7":"product_cat-ruteadores-y-aps","8":"product_cat-access-points-ruteadores-y-aps","9":"product_tag-tp-link","11":"first","12":"instock","13":"taxable","14":"shipping-taxable","15":"product-type-simple"},"_links":{"self":[{"href":"https:\/\/arxisdemexico.com.mx\/arxis\/wp-json\/wp\/v2\/product\/23949","targetHints":{"allow":["GET"]}}],"collection":[{"href":"https:\/\/arxisdemexico.com.mx\/arxis\/wp-json\/wp\/v2\/product"}],"about":[{"href":"https:\/\/arxisdemexico.com.mx\/arxis\/wp-json\/wp\/v2\/types\/product"}],"replies":[{"embeddable":true,"href":"https:\/\/arxisdemexico.com.mx\/arxis\/wp-json\/wp\/v2\/comments?post=23949"}],"wp:featuredmedia":[{"embeddable":true,"href":"https:\/\/arxisdemexico.com.mx\/arxis\/wp-json\/wp\/v2\/media\/23951"}],"wp:attachment":[{"href":"https:\/\/arxisdemexico.com.mx\/arxis\/wp-json\/wp\/v2\/media?parent=23949"}],"wp:term":[{"taxonomy":"product_brand","embeddable":true,"href":"https:\/\/arxisdemexico.com.mx\/arxis\/wp-json\/wp\/v2\/product_brand?post=23949"},{"taxonomy":"product_cat","embeddable":true,"href":"https:\/\/arxisdemexico.com.mx\/arxis\/wp-json\/wp\/v2\/product_cat?post=23949"},{"taxonomy":"product_tag","embeddable":true,"href":"https:\/\/arxisdemexico.com.mx\/arxis\/wp-json\/wp\/v2\/product_tag?post=23949"}],"curies":[{"name":"wp","href":"https:\/\/api.w.org\/{rel}","templated":true}]}}