{"id":23889,"date":"2018-02-27T14:22:58","date_gmt":"2018-02-27T20:22:58","guid":{"rendered":"http:\/\/www.arxisdemexico.com.mx\/arxis\/?post_type=product&#038;p=23889"},"modified":"2018-08-30T10:07:16","modified_gmt":"2018-08-30T15:07:16","slug":"dvr-8ch-4-en-1-2ch-ip-hybrid-sh-8200a-2l","status":"publish","type":"product","link":"https:\/\/arxisdemexico.com.mx\/arxis\/producto\/dvr-8ch-4-en-1-2ch-ip-hybrid-sh-8200a-2l\/","title":{"rendered":"Videograbador DVR 8CH \u00ab4 en 1\u00bb + 2CH IP Hybrid SH-8200A-2L"},"content":{"rendered":"<ul>\n<li><strong>V\u00eddeo:<\/strong>8CH Est\u00e1ndar BNC + 2CH IP (Sobre la red)<br \/>\nSalida: HDMI (1920&#215;1080), VGA (1280&#215;1024), CVBS (Spot)<\/li>\n<li><strong>Grabaci\u00f3n:<\/strong><span lang=\"EN-US\">8 <\/span><span lang=\"EN-US\">CH <\/span><span lang=\"EN-US\">AHD \/ TVI \/ CVI \/ Anal\u00f3gico + 2CH IP<\/span>\n<p><span lang=\"EN-US\">AHD: <\/span><span lang=\"EN-US\">1080PLite<\/span><\/p>\n<p><span lang=\"EN-US\">FPS: 200 FPS (PAL) \/ 240 FPS (NTSC) Total. Hasta 15 \/ 12FPS por canal<br \/>\n<\/span><\/p>\n<p><span lang=\"EN-US\">AHD: 1080PLite \/ 720P<\/span><\/p>\n<p><span lang=\"EN-US\">FPS: 200 FPS (PAL) \/ 240 FPS (NTSC)<\/span><\/p>\n<p><span lang=\"EN-US\">TVI \/ CVI: 1080P Lite y m\u00e1s bajo<br \/>\n<\/span><\/p>\n<p><span lang=\"EN-US\">FPS: 200 (PAL) \/ 240 (NTSC)<\/span><\/p>\n<p><span lang=\"EN-US\">Anal\u00f3gico: 960H<\/span><\/p>\n<p><span lang=\"EN-US\">FPS: <\/span><span lang=\"EN-US\">200 <\/span><span lang=\"EN-US\">(PAL) \/ 240 <\/span><span lang=\"EN-US\">(NTSC)<\/span><\/p>\n<p><span lang=\"EN-US\">Resoluci\u00f3n: 960&#215;575 (PAL) \/ 960&#215;480 (NTSC)<\/span><\/p>\n<p><span lang=\"EN-US\">IP: 2 x hasta 2 canales de mega p\u00edxeles de IP<br \/>\n<\/span><\/p>\n<p><span lang=\"EN-US\">Resoluci\u00f3n: 2MP \/ 1920&#215;1080 \/ y menor (PAL \/ NTSC)<\/span><\/p>\n<p><span lang=\"EN-US\">\u00a0FPS: 50 (PAL) \/ 60 (NTSC))<\/span><\/li>\n<li><strong>Reproducci\u00f3n:<\/strong>8 canales simult\u00e1neamente<\/li>\n<li><strong>Audio:<\/strong>Entrada: 1 canal (RCA)<br \/>\nSalida: 1 canal (RCA)<br \/>\n2 v\u00edas de audio<\/li>\n<li><strong>Almacenamiento:<\/strong>1 x SATA (hasta 8TB)<\/li>\n<li><strong>Red:<\/strong>RJ-45: 100Mbps<\/li>\n<li><strong>Puerto USB:<\/strong>2 puertos USB 2.0<\/li>\n<li><strong>PTZ \/ Teclado:<\/strong>1 x Protocolo RS485<br \/>\n: CoC \/ Pelco DP \/ Samsung \/ Visca (IP sobre ONVIF)<\/li>\n<\/ul>\n","protected":false},"excerpt":{"rendered":"<p>V\u00eddeo:8CH Est\u00e1ndar BNC + 2CH IP (Sobre la red) Salida: HDMI (1920&#215;1080), VGA (1280&#215;1024), CVBS (Spot) Grabaci\u00f3n:8 CH AHD \/ TVI \/ CVI \/ Anal\u00f3gico + 2CH IP AHD: 1080PLite [&hellip;]<\/p>\n","protected":false},"featured_media":23895,"comment_status":"open","ping_status":"closed","template":"","meta":{"_et_pb_use_builder":"","_et_pb_old_content":"","_et_gb_content_width":""},"product_brand":[],"product_cat":[521,548,560,576],"product_tag":[485],"class_list":{"0":"post-23889","1":"product","2":"type-product","3":"status-publish","4":"has-post-thumbnail","6":"product_cat-cctv","7":"product_cat-ahd","8":"product_cat-dvr","9":"product_cat-8-ch-dvr","10":"product_tag-provision","12":"first","13":"instock","14":"taxable","15":"shipping-taxable","16":"product-type-simple"},"_links":{"self":[{"href":"https:\/\/arxisdemexico.com.mx\/arxis\/wp-json\/wp\/v2\/product\/23889","targetHints":{"allow":["GET"]}}],"collection":[{"href":"https:\/\/arxisdemexico.com.mx\/arxis\/wp-json\/wp\/v2\/product"}],"about":[{"href":"https:\/\/arxisdemexico.com.mx\/arxis\/wp-json\/wp\/v2\/types\/product"}],"replies":[{"embeddable":true,"href":"https:\/\/arxisdemexico.com.mx\/arxis\/wp-json\/wp\/v2\/comments?post=23889"}],"wp:featuredmedia":[{"embeddable":true,"href":"https:\/\/arxisdemexico.com.mx\/arxis\/wp-json\/wp\/v2\/media\/23895"}],"wp:attachment":[{"href":"https:\/\/arxisdemexico.com.mx\/arxis\/wp-json\/wp\/v2\/media?parent=23889"}],"wp:term":[{"taxonomy":"product_brand","embeddable":true,"href":"https:\/\/arxisdemexico.com.mx\/arxis\/wp-json\/wp\/v2\/product_brand?post=23889"},{"taxonomy":"product_cat","embeddable":true,"href":"https:\/\/arxisdemexico.com.mx\/arxis\/wp-json\/wp\/v2\/product_cat?post=23889"},{"taxonomy":"product_tag","embeddable":true,"href":"https:\/\/arxisdemexico.com.mx\/arxis\/wp-json\/wp\/v2\/product_tag?post=23889"}],"curies":[{"name":"wp","href":"https:\/\/api.w.org\/{rel}","templated":true}]}}