{"id":23874,"date":"2018-02-27T14:08:26","date_gmt":"2018-02-27T20:08:26","guid":{"rendered":"http:\/\/www.arxisdemexico.com.mx\/arxis\/?post_type=product&#038;p=23874"},"modified":"2018-09-21T17:15:24","modified_gmt":"2018-09-21T22:15:24","slug":"punto-de-acceso-tl-wa801nd","status":"publish","type":"product","link":"https:\/\/arxisdemexico.com.mx\/arxis\/producto\/punto-de-acceso-tl-wa801nd\/","title":{"rendered":"Punto de Acceso  TL-WA801ND"},"content":{"rendered":"<ul>\n<li>Tiene una velocidad de transmisi\u00f3n inal\u00e1mbrica de 300 Mbps, provee una experiencia inal\u00e1mbrica N fluida<\/li>\n<li>Instalaci\u00f3n flexible: hasta 30 metros (100 pies) de distancia utilizando el inyector Power over Ethernet suministrado<\/li>\n<\/ul>\n","protected":false},"excerpt":{"rendered":"<p>Tiene una velocidad de transmisi\u00f3n inal\u00e1mbrica de 300 Mbps, provee una experiencia inal\u00e1mbrica N fluida Instalaci\u00f3n flexible: hasta 30 metros (100 pies) de distancia utilizando el inyector Power over Ethernet [&hellip;]<\/p>\n","protected":false},"featured_media":23879,"comment_status":"open","ping_status":"closed","template":"","meta":{"_et_pb_use_builder":"","_et_pb_old_content":"","_et_gb_content_width":""},"product_brand":[],"product_cat":[745,750,752],"product_tag":[487],"class_list":{"0":"post-23874","1":"product","2":"type-product","3":"status-publish","4":"has-post-thumbnail","6":"product_cat-redes-2","7":"product_cat-enlaces","8":"product_cat-access-points","9":"product_tag-tp-link","11":"first","12":"instock","13":"taxable","14":"shipping-taxable","15":"product-type-simple"},"_links":{"self":[{"href":"https:\/\/arxisdemexico.com.mx\/arxis\/wp-json\/wp\/v2\/product\/23874","targetHints":{"allow":["GET"]}}],"collection":[{"href":"https:\/\/arxisdemexico.com.mx\/arxis\/wp-json\/wp\/v2\/product"}],"about":[{"href":"https:\/\/arxisdemexico.com.mx\/arxis\/wp-json\/wp\/v2\/types\/product"}],"replies":[{"embeddable":true,"href":"https:\/\/arxisdemexico.com.mx\/arxis\/wp-json\/wp\/v2\/comments?post=23874"}],"wp:featuredmedia":[{"embeddable":true,"href":"https:\/\/arxisdemexico.com.mx\/arxis\/wp-json\/wp\/v2\/media\/23879"}],"wp:attachment":[{"href":"https:\/\/arxisdemexico.com.mx\/arxis\/wp-json\/wp\/v2\/media?parent=23874"}],"wp:term":[{"taxonomy":"product_brand","embeddable":true,"href":"https:\/\/arxisdemexico.com.mx\/arxis\/wp-json\/wp\/v2\/product_brand?post=23874"},{"taxonomy":"product_cat","embeddable":true,"href":"https:\/\/arxisdemexico.com.mx\/arxis\/wp-json\/wp\/v2\/product_cat?post=23874"},{"taxonomy":"product_tag","embeddable":true,"href":"https:\/\/arxisdemexico.com.mx\/arxis\/wp-json\/wp\/v2\/product_tag?post=23874"}],"curies":[{"name":"wp","href":"https:\/\/api.w.org\/{rel}","templated":true}]}}